{"id":5766,"date":"2022-11-25T14:28:30","date_gmt":"2022-11-25T12:28:30","guid":{"rendered":"https:\/\/pood.mgistudio.ee\/?post_type=product&#038;p=5766"},"modified":"2022-11-28T15:22:48","modified_gmt":"2022-11-28T13:22:48","slug":"jasmine-botanical-perfume","status":"publish","type":"product","link":"https:\/\/pood.mgistudio.ee\/en\/toode\/jasmine-botanical-perfume\/","title":{"rendered":"Jasmine Botanical Perfume"},"content":{"rendered":"<p>K\u00e4sitsi hinnalisse merekarpi valatud puhast botaaniline palsamparf\u00fc\u00fcm, mis on l\u00e4bi immutatud t\u00f5eliste taimede l\u00f5hnadest. Selle tahke parf\u00fc\u00fcmi aluseks on toitev segu orgaanilisest k\u00fclmpressitud safloorist, mesilasvahast ja p\u00e4evalillest saadud E-vitamiinist. Safloor imendub s\u00fcgavale p\u00e4risnahka, niisutades nahka rakutasandil, samal ajal kui p\u00e4evalille E-vitamiin tugevdab nahka keskkonnakahjustuste eest ja mesilasvaha loob kaitsva barj\u00e4\u00e4ri niiskuse kinnistamiseks. Eksootilise ja v\u00f5rgutava l\u00f5hna loob t\u00f5eliste jasmiini\u00f5ite aroom. Jasmine Grandiflorumi ja Jasmine Sambaci \u00f5lid loovad valge lilleelamuse, pakkudes samal ajal looduslikke raviomadusi.<\/p>\n<p><strong>Igap\u00e4evahooldus<\/strong><\/p>\n<ul>\n<li>15 ml<\/li>\n<li>jasmiin<\/li>\n<li>looduslik merekarp v\u00f5i erineda pildil olevast<\/li>\n<\/ul>\n","protected":false},"excerpt":{"rendered":"<p><span data-sheets-value=\"{&quot;1&quot;:2,&quot;2&quot;:&quot;Palsamparf\u00fc\u00fcm jasmiiniga&quot;}\" data-sheets-userformat=\"{&quot;2&quot;:21171,&quot;3&quot;:{&quot;1&quot;:0},&quot;4&quot;:{&quot;1&quot;:2,&quot;2&quot;:16777215},&quot;7&quot;:{&quot;1&quot;:[{&quot;1&quot;:2,&quot;2&quot;:0,&quot;5&quot;:{&quot;1&quot;:2,&quot;2&quot;:0}},{&quot;1&quot;:0,&quot;2&quot;:0,&quot;3&quot;:3},{&quot;1&quot;:1,&quot;2&quot;:0,&quot;4&quot;:1}]},&quot;8&quot;:{&quot;1&quot;:[{&quot;1&quot;:2,&quot;2&quot;:0,&quot;5&quot;:{&quot;1&quot;:2,&quot;2&quot;:0}},{&quot;1&quot;:0,&quot;2&quot;:0,&quot;3&quot;:3},{&quot;1&quot;:1,&quot;2&quot;:0,&quot;4&quot;:1}]},&quot;10&quot;:2,&quot;12&quot;:0,&quot;15&quot;:&quot;Roboto&quot;,&quot;17&quot;:1}\">Palsamparf\u00fc\u00fcm jasmiiniga<\/span><\/p>\n","protected":false},"featured_media":5269,"template":"","meta":{"_mi_skip_tracking":false},"product_cat":[147,148,136],"product_tag":[],"class_list":["post-5766","product","type-product","status-publish","has-post-thumbnail","hentry","product_cat-body-creams","product_cat-body-oils","product_cat-earth-tu-face-en"],"_links":{"self":[{"href":"https:\/\/pood.mgistudio.ee\/en\/wp-json\/wp\/v2\/product\/5766","targetHints":{"allow":["GET"]}}],"collection":[{"href":"https:\/\/pood.mgistudio.ee\/en\/wp-json\/wp\/v2\/product"}],"about":[{"href":"https:\/\/pood.mgistudio.ee\/en\/wp-json\/wp\/v2\/types\/product"}],"wp:featuredmedia":[{"embeddable":true,"href":"https:\/\/pood.mgistudio.ee\/en\/wp-json\/wp\/v2\/media\/5269"}],"wp:attachment":[{"href":"https:\/\/pood.mgistudio.ee\/en\/wp-json\/wp\/v2\/media?parent=5766"}],"wp:term":[{"taxonomy":"product_cat","embeddable":true,"href":"https:\/\/pood.mgistudio.ee\/en\/wp-json\/wp\/v2\/product_cat?post=5766"},{"taxonomy":"product_tag","embeddable":true,"href":"https:\/\/pood.mgistudio.ee\/en\/wp-json\/wp\/v2\/product_tag?post=5766"}],"curies":[{"name":"wp","href":"https:\/\/api.w.org\/{rel}","templated":true}]}}