{"id":5774,"date":"2022-11-25T14:14:10","date_gmt":"2022-11-25T12:14:10","guid":{"rendered":"https:\/\/pood.mgistudio.ee\/?post_type=product&#038;p=5774"},"modified":"2022-11-28T14:26:02","modified_gmt":"2022-11-28T12:26:02","slug":"jenni-kayne-collaboration-lotion","status":"publish","type":"product","link":"https:\/\/pood.mgistudio.ee\/en\/toode\/jenni-kayne-collaboration-lotion\/","title":{"rendered":"Jenni Kayne Collaboration Lotion"},"content":{"rendered":"<p>Taimne kehakreem, mis on loodud koost\u00f6\u00f6s disainer Jenni Kayne`iga inspireerituna tema L\u00f5una-California aias kasvavatest taimedest. Kreem on immutatud puhta roosi absoluutse eeterliku \u00f5liga, mis loomulikult jahutab punetust ja \u00e4rritust, lisaks toniseerib kudesid oma loomuliku kokkut\u00f5mbumisega. Armas vanillikastev\u00e4rv tuleneb tuhandetest roosi kroonlehtedest, mis on ekstraheeritud sellesse naturaalsesse kreemip\u00f5hja. Geraanium tasakaalustab naha rasvtaset ja suurendab kollageeni tootmist. Lavendli looduslikud stressi leevendavad omadused annavad rahustava elemendi, mis kestab kaua. Aloe vera ja oliivi\u00f5li p\u00f5hi niisutab ja rahustab nahka, samas kui botaaniliste \u00f5lide segu loob meeli\u00fclendava sensoorse kogemuse.<\/p>\n<p><strong>Igap\u00e4evahooldus<\/strong><\/p>\n<ul>\n<li>236 ml<\/li>\n<li><span data-sheets-value=\"{&quot;1&quot;:2,&quot;2&quot;:&quot;Roos + geraanium&quot;}\" data-sheets-userformat=\"{&quot;2&quot;:4737,&quot;3&quot;:{&quot;1&quot;:0},&quot;10&quot;:2,&quot;12&quot;:0,&quot;15&quot;:&quot;Arial&quot;}\">roos + geraanium<\/span><\/li>\n<\/ul>\n","protected":false},"excerpt":{"rendered":"<p><span data-sheets-value=\"{&quot;1&quot;:2,&quot;2&quot;:&quot;Taimne kehakreem puhta roosi ja geraaniumiga&quot;}\" data-sheets-userformat=\"{&quot;2&quot;:21171,&quot;3&quot;:{&quot;1&quot;:0},&quot;4&quot;:{&quot;1&quot;:2,&quot;2&quot;:16777215},&quot;7&quot;:{&quot;1&quot;:[{&quot;1&quot;:2,&quot;2&quot;:0,&quot;5&quot;:{&quot;1&quot;:2,&quot;2&quot;:0}},{&quot;1&quot;:0,&quot;2&quot;:0,&quot;3&quot;:3},{&quot;1&quot;:1,&quot;2&quot;:0,&quot;4&quot;:1}]},&quot;8&quot;:{&quot;1&quot;:[{&quot;1&quot;:2,&quot;2&quot;:0,&quot;5&quot;:{&quot;1&quot;:2,&quot;2&quot;:0}},{&quot;1&quot;:0,&quot;2&quot;:0,&quot;3&quot;:3},{&quot;1&quot;:1,&quot;2&quot;:0,&quot;4&quot;:1}]},&quot;10&quot;:2,&quot;12&quot;:0,&quot;15&quot;:&quot;Roboto&quot;,&quot;17&quot;:1}\">Taimne kehakreem puhta roosi ja geraaniumiga<\/span><\/p>\n","protected":false},"featured_media":5267,"template":"","meta":{"_mi_skip_tracking":false},"product_cat":[147,136],"product_tag":[],"class_list":["post-5774","product","type-product","status-publish","has-post-thumbnail","hentry","product_cat-body-creams","product_cat-earth-tu-face-en"],"_links":{"self":[{"href":"https:\/\/pood.mgistudio.ee\/en\/wp-json\/wp\/v2\/product\/5774","targetHints":{"allow":["GET"]}}],"collection":[{"href":"https:\/\/pood.mgistudio.ee\/en\/wp-json\/wp\/v2\/product"}],"about":[{"href":"https:\/\/pood.mgistudio.ee\/en\/wp-json\/wp\/v2\/types\/product"}],"wp:featuredmedia":[{"embeddable":true,"href":"https:\/\/pood.mgistudio.ee\/en\/wp-json\/wp\/v2\/media\/5267"}],"wp:attachment":[{"href":"https:\/\/pood.mgistudio.ee\/en\/wp-json\/wp\/v2\/media?parent=5774"}],"wp:term":[{"taxonomy":"product_cat","embeddable":true,"href":"https:\/\/pood.mgistudio.ee\/en\/wp-json\/wp\/v2\/product_cat?post=5774"},{"taxonomy":"product_tag","embeddable":true,"href":"https:\/\/pood.mgistudio.ee\/en\/wp-json\/wp\/v2\/product_tag?post=5774"}],"curies":[{"name":"wp","href":"https:\/\/api.w.org\/{rel}","templated":true}]}}