{"id":5780,"date":"2022-11-25T13:44:35","date_gmt":"2022-11-25T11:44:35","guid":{"rendered":"https:\/\/pood.mgistudio.ee\/?post_type=product&#038;p=5780"},"modified":"2022-11-28T14:27:54","modified_gmt":"2022-11-28T12:27:54","slug":"lavender-mint-lip-balm","status":"publish","type":"product","link":"https:\/\/pood.mgistudio.ee\/en\/toode\/lavender-mint-lip-balm\/","title":{"rendered":"Lavender + Mint Lip Balm"},"content":{"rendered":"<p>Looduslikku merekarpi valatud botaaniline huulepalsam, mis sisaldab taimseid \u00fchendeid ja k\u00fclmpressitud orgaanilisi \u00f5lisi, et parandada ning v\u00e4ltida huulte l\u00f5henemist ja muid \u00e4rritusi. Palsamis sisalduv safloor\u00f5li, mesilasvaha, p\u00e4evalill ja E-vitamiin imenduvad s\u00fcgavale p\u00e4risnahka, et niisutada seda raku tasandil. Palsam toidab rakke ja j\u00e4tab kaitsva kihi, et s\u00e4ilitada huulte niiskustasakaal. Lisaks on valemisse lisatud aurudestilleeritud lavendli eeterlikku \u00f5li ja rohem\u00fcnti, mis jahutab, rahustab ning on arme v\u00e4hendava toimega.<\/p>\n<p><strong>Igap\u00e4evahooldus<\/strong><\/p>\n<ul>\n<li>29,5 ml<\/li>\n<li>lavendel + piparm\u00fcnt<\/li>\n<li>looduslik merekarp v\u00f5i erineda pildil olevast<\/li>\n<\/ul>\n","protected":false},"excerpt":{"rendered":"<p><span data-sheets-value=\"{&quot;1&quot;:2,&quot;2&quot;:&quot;Botaaniline huulepalsam lavendli ja piparm\u00fcndiga&quot;}\" data-sheets-userformat=\"{&quot;2&quot;:21171,&quot;3&quot;:{&quot;1&quot;:0},&quot;4&quot;:{&quot;1&quot;:2,&quot;2&quot;:16777215},&quot;7&quot;:{&quot;1&quot;:[{&quot;1&quot;:2,&quot;2&quot;:0,&quot;5&quot;:{&quot;1&quot;:2,&quot;2&quot;:0}},{&quot;1&quot;:0,&quot;2&quot;:0,&quot;3&quot;:3},{&quot;1&quot;:1,&quot;2&quot;:0,&quot;4&quot;:1}]},&quot;8&quot;:{&quot;1&quot;:[{&quot;1&quot;:2,&quot;2&quot;:0,&quot;5&quot;:{&quot;1&quot;:2,&quot;2&quot;:0}},{&quot;1&quot;:0,&quot;2&quot;:0,&quot;3&quot;:3},{&quot;1&quot;:1,&quot;2&quot;:0,&quot;4&quot;:1}]},&quot;10&quot;:2,&quot;12&quot;:0,&quot;15&quot;:&quot;Roboto&quot;,&quot;17&quot;:1}\">Botaaniline huulepalsam lavendli ja piparm\u00fcndiga<\/span><\/p>\n","protected":false},"featured_media":5253,"template":"","meta":{"_mi_skip_tracking":false},"product_cat":[159,136,182],"product_tag":[],"class_list":["post-5780","product","type-product","status-publish","has-post-thumbnail","hentry","product_cat-damaged-by-environmental-factors","product_cat-earth-tu-face-en","product_cat-lips"],"_links":{"self":[{"href":"https:\/\/pood.mgistudio.ee\/en\/wp-json\/wp\/v2\/product\/5780","targetHints":{"allow":["GET"]}}],"collection":[{"href":"https:\/\/pood.mgistudio.ee\/en\/wp-json\/wp\/v2\/product"}],"about":[{"href":"https:\/\/pood.mgistudio.ee\/en\/wp-json\/wp\/v2\/types\/product"}],"wp:featuredmedia":[{"embeddable":true,"href":"https:\/\/pood.mgistudio.ee\/en\/wp-json\/wp\/v2\/media\/5253"}],"wp:attachment":[{"href":"https:\/\/pood.mgistudio.ee\/en\/wp-json\/wp\/v2\/media?parent=5780"}],"wp:term":[{"taxonomy":"product_cat","embeddable":true,"href":"https:\/\/pood.mgistudio.ee\/en\/wp-json\/wp\/v2\/product_cat?post=5780"},{"taxonomy":"product_tag","embeddable":true,"href":"https:\/\/pood.mgistudio.ee\/en\/wp-json\/wp\/v2\/product_tag?post=5780"}],"curies":[{"name":"wp","href":"https:\/\/api.w.org\/{rel}","templated":true}]}}