{"id":5789,"date":"2022-11-18T12:56:34","date_gmt":"2022-11-18T10:56:34","guid":{"rendered":"https:\/\/pood.mgistudio.ee\/?post_type=product&#038;p=5789"},"modified":"2022-11-28T14:29:40","modified_gmt":"2022-11-28T12:29:40","slug":"signature-scent-luxury-body-oil","status":"publish","type":"product","link":"https:\/\/pood.mgistudio.ee\/en\/toode\/signature-scent-luxury-body-oil\/","title":{"rendered":"Signature Scent Luxury Body Oil"},"content":{"rendered":"<p>Kombinatsioon roosist, jasmiinist ja merevaigust koos apelsini\u00f5ie s\u00e4raga. Sensuaalne, ent mitte \u00fcle j\u00f5u k\u00e4iv keha\u00f5li, on rafineeritud mullasusega, mis niisutab piisavalt, ent on ka piisavalt kerge, et mitte j\u00e4tta kleepuvat kihti kehale. Muudab naha luksuslikult pehmeks, on looduslik afrodisiaakum ja omab meelit\u00f5stvaid aroomiteraapia omadusi. Sobib kasutamiseks ka tselluliidi ja venitusarmide korral.<\/p>\n<p><strong>Igap\u00e4evane hooldus<\/strong><\/p>\n<ul>\n<li>100 ml<\/li>\n<li>100% puhtad orgaanilised \u00f5lid<\/li>\n<li>vegan<\/li>\n<li>mitte &#8211; GMO<\/li>\n<li>ei sisalda s\u00fcnteetikat ja tugevaid kemikaale<\/li>\n<\/ul>\n","protected":false},"excerpt":{"rendered":"<p><span data-sheets-value=\"{&quot;1&quot;:2,&quot;2&quot;:&quot;K\u00f5rge signatuuritasemega keha\u00f5li &quot;}\" data-sheets-userformat=\"{&quot;2&quot;:21171,&quot;3&quot;:{&quot;1&quot;:0},&quot;4&quot;:{&quot;1&quot;:2,&quot;2&quot;:16777215},&quot;7&quot;:{&quot;1&quot;:[{&quot;1&quot;:2,&quot;2&quot;:0,&quot;5&quot;:{&quot;1&quot;:2,&quot;2&quot;:0}},{&quot;1&quot;:0,&quot;2&quot;:0,&quot;3&quot;:3},{&quot;1&quot;:1,&quot;2&quot;:0,&quot;4&quot;:1}]},&quot;8&quot;:{&quot;1&quot;:[{&quot;1&quot;:2,&quot;2&quot;:0,&quot;5&quot;:{&quot;1&quot;:2,&quot;2&quot;:0}},{&quot;1&quot;:0,&quot;2&quot;:0,&quot;3&quot;:3},{&quot;1&quot;:1,&quot;2&quot;:0,&quot;4&quot;:1}]},&quot;10&quot;:2,&quot;12&quot;:0,&quot;15&quot;:&quot;Roboto&quot;,&quot;17&quot;:1}\">K\u00f5rge signatuurtasemega keha\u00f5li <\/span><\/p>\n","protected":false},"featured_media":5171,"template":"","meta":{"_mi_skip_tracking":false},"product_cat":[148,140],"product_tag":[],"class_list":["post-5789","product","type-product","status-publish","has-post-thumbnail","hentry","product_cat-body-oils","product_cat-vered-organic-botanicals-en"],"_links":{"self":[{"href":"https:\/\/pood.mgistudio.ee\/en\/wp-json\/wp\/v2\/product\/5789","targetHints":{"allow":["GET"]}}],"collection":[{"href":"https:\/\/pood.mgistudio.ee\/en\/wp-json\/wp\/v2\/product"}],"about":[{"href":"https:\/\/pood.mgistudio.ee\/en\/wp-json\/wp\/v2\/types\/product"}],"wp:featuredmedia":[{"embeddable":true,"href":"https:\/\/pood.mgistudio.ee\/en\/wp-json\/wp\/v2\/media\/5171"}],"wp:attachment":[{"href":"https:\/\/pood.mgistudio.ee\/en\/wp-json\/wp\/v2\/media?parent=5789"}],"wp:term":[{"taxonomy":"product_cat","embeddable":true,"href":"https:\/\/pood.mgistudio.ee\/en\/wp-json\/wp\/v2\/product_cat?post=5789"},{"taxonomy":"product_tag","embeddable":true,"href":"https:\/\/pood.mgistudio.ee\/en\/wp-json\/wp\/v2\/product_tag?post=5789"}],"curies":[{"name":"wp","href":"https:\/\/api.w.org\/{rel}","templated":true}]}}