{"id":5791,"date":"2022-11-18T12:42:53","date_gmt":"2022-11-18T10:42:53","guid":{"rendered":"https:\/\/pood.mgistudio.ee\/?post_type=product&#038;p=5791"},"modified":"2022-11-28T14:30:12","modified_gmt":"2022-11-28T12:30:12","slug":"orange-sauvage-luxury-body-oil","status":"publish","type":"product","link":"https:\/\/pood.mgistudio.ee\/en\/toode\/orange-sauvage-luxury-body-oil\/","title":{"rendered":"Orange Sauvage Luxury Body Oil"},"content":{"rendered":"<p>Luksuslik ja eksootiline keha\u00f5li valmistatud soojast kohvioast, sensuaalsest nerolist ja v\u00e4rsketest tsitruseliste nootidest. \u00c4ratab keha, annab energiat, elustab nahka ning on s\u00fcgavniisutav.<\/p>\n<p><strong>Igap\u00e4evane hooldus<\/strong><\/p>\n<ul>\n<li>100 ml<\/li>\n<li>100% puhtad orgaanilised \u00f5lid<\/li>\n<li>vegan<\/li>\n<li>mitte &#8211; GMO<\/li>\n<li>ei sisalda s\u00fcnteetikat ja tugevaid kemikaale<\/li>\n<\/ul>\n","protected":false},"excerpt":{"rendered":"<p>Eksootiline ja luksuslik keha\u00f5li<\/p>\n","protected":false},"featured_media":5173,"template":"","meta":{"_mi_skip_tracking":false},"product_cat":[148,140],"product_tag":[],"class_list":["post-5791","product","type-product","status-publish","has-post-thumbnail","hentry","product_cat-body-oils","product_cat-vered-organic-botanicals-en"],"_links":{"self":[{"href":"https:\/\/pood.mgistudio.ee\/en\/wp-json\/wp\/v2\/product\/5791","targetHints":{"allow":["GET"]}}],"collection":[{"href":"https:\/\/pood.mgistudio.ee\/en\/wp-json\/wp\/v2\/product"}],"about":[{"href":"https:\/\/pood.mgistudio.ee\/en\/wp-json\/wp\/v2\/types\/product"}],"wp:featuredmedia":[{"embeddable":true,"href":"https:\/\/pood.mgistudio.ee\/en\/wp-json\/wp\/v2\/media\/5173"}],"wp:attachment":[{"href":"https:\/\/pood.mgistudio.ee\/en\/wp-json\/wp\/v2\/media?parent=5791"}],"wp:term":[{"taxonomy":"product_cat","embeddable":true,"href":"https:\/\/pood.mgistudio.ee\/en\/wp-json\/wp\/v2\/product_cat?post=5791"},{"taxonomy":"product_tag","embeddable":true,"href":"https:\/\/pood.mgistudio.ee\/en\/wp-json\/wp\/v2\/product_tag?post=5791"}],"curies":[{"name":"wp","href":"https:\/\/api.w.org\/{rel}","templated":true}]}}