{"id":5802,"date":"2022-11-18T11:20:48","date_gmt":"2022-11-18T09:20:48","guid":{"rendered":"https:\/\/pood.mgistudio.ee\/?post_type=product&#038;p=5802"},"modified":"2022-11-28T14:33:26","modified_gmt":"2022-11-28T12:33:26","slug":"le-chocolat-citrus-foaming-face-scrub","status":"publish","type":"product","link":"https:\/\/pood.mgistudio.ee\/en\/toode\/le-chocolat-citrus-foaming-face-scrub\/","title":{"rendered":"Le Chocolat Citrus Foaming Face Scrub"},"content":{"rendered":"<p>See on h\u00f5rgult ja meeli\u00fclendavalt l\u00f5hnav segu tsitruselistest ning magusast \u0161okolaadist, mis puhastab ja koorib \u00f5rnalt, j\u00e4ttes naha niisutatuks. Sobilik normaalsele, kuivale ja \u00fclekoormatud nahale. Sisaldab v\u00f5imsaid antioks\u00fcdante ja fototoitaineid, mis muudavad naha heledamaks ja panevad s\u00e4rama.<\/p>\n<p><strong>Hooldus 1-2x n\u00e4dalas<\/strong><\/p>\n<ul>\n<li>50 ml<\/li>\n<li>100% puhtad orgaanilised \u00f5lid<\/li>\n<li>vegan<\/li>\n<li>mitte &#8211; GMO<\/li>\n<li>ei sisalda s\u00fcnteetikat ja tugevaid kemikaale<\/li>\n<\/ul>\n","protected":false},"excerpt":{"rendered":"<p><span data-sheets-value=\"{&quot;1&quot;:2,&quot;2&quot;:&quot;\u00d5rn tsitruselistest ja \u0161okolaadist n\u00e4okoorija&quot;}\" data-sheets-userformat=\"{&quot;2&quot;:21171,&quot;3&quot;:{&quot;1&quot;:0},&quot;4&quot;:{&quot;1&quot;:2,&quot;2&quot;:16777215},&quot;7&quot;:{&quot;1&quot;:[{&quot;1&quot;:2,&quot;2&quot;:0,&quot;5&quot;:{&quot;1&quot;:2,&quot;2&quot;:0}},{&quot;1&quot;:0,&quot;2&quot;:0,&quot;3&quot;:3},{&quot;1&quot;:1,&quot;2&quot;:0,&quot;4&quot;:1}]},&quot;8&quot;:{&quot;1&quot;:[{&quot;1&quot;:2,&quot;2&quot;:0,&quot;5&quot;:{&quot;1&quot;:2,&quot;2&quot;:0}},{&quot;1&quot;:0,&quot;2&quot;:0,&quot;3&quot;:3},{&quot;1&quot;:1,&quot;2&quot;:0,&quot;4&quot;:1}]},&quot;10&quot;:2,&quot;12&quot;:0,&quot;15&quot;:&quot;Roboto&quot;,&quot;17&quot;:1}\">\u00d5rn tsitruselistest ja \u0161okolaadist n\u00e4okoorija<\/span><\/p>\n","protected":false},"featured_media":5183,"template":"","meta":{"_mi_skip_tracking":false},"product_cat":[160,159,163,171,186,140],"product_tag":[],"class_list":["post-5802","product","type-product","status-publish","has-post-thumbnail","hentry","product_cat-combined","product_cat-damaged-by-environmental-factors","product_cat-dry","product_cat-dull-and-lifeless","product_cat-peelers","product_cat-vered-organic-botanicals-en"],"_links":{"self":[{"href":"https:\/\/pood.mgistudio.ee\/en\/wp-json\/wp\/v2\/product\/5802","targetHints":{"allow":["GET"]}}],"collection":[{"href":"https:\/\/pood.mgistudio.ee\/en\/wp-json\/wp\/v2\/product"}],"about":[{"href":"https:\/\/pood.mgistudio.ee\/en\/wp-json\/wp\/v2\/types\/product"}],"wp:featuredmedia":[{"embeddable":true,"href":"https:\/\/pood.mgistudio.ee\/en\/wp-json\/wp\/v2\/media\/5183"}],"wp:attachment":[{"href":"https:\/\/pood.mgistudio.ee\/en\/wp-json\/wp\/v2\/media?parent=5802"}],"wp:term":[{"taxonomy":"product_cat","embeddable":true,"href":"https:\/\/pood.mgistudio.ee\/en\/wp-json\/wp\/v2\/product_cat?post=5802"},{"taxonomy":"product_tag","embeddable":true,"href":"https:\/\/pood.mgistudio.ee\/en\/wp-json\/wp\/v2\/product_tag?post=5802"}],"curies":[{"name":"wp","href":"https:\/\/api.w.org\/{rel}","templated":true}]}}