{"id":5817,"date":"2022-11-15T22:02:16","date_gmt":"2022-11-15T20:02:16","guid":{"rendered":"https:\/\/pood.mgistudio.ee\/?post_type=product&#038;p=5817"},"modified":"2022-11-29T18:07:14","modified_gmt":"2022-11-29T16:07:14","slug":"peptide-treatment","status":"publish","type":"product","link":"https:\/\/pood.mgistudio.ee\/en\/toode\/peptide-treatment\/","title":{"rendered":"Peptide Treatment"},"content":{"rendered":"<p>M\u00f5eldud igap\u00e4evaseks hoolduseks igat t\u00fc\u00fcpi k\u00fcpsele ja tundlikule nahale, millel esineb vananemise ning l\u00f5tvumise m\u00e4rke v\u00f5i mis on kaotanud oma elastsuse ja vajab pinguldust ning t\u00f5stvat ovaali korrastamist. Sarja aluseks on m\u00e4rtsikellukese ekstrakt &#8211; botaaniline alternatiiv botoxile, millel on kliiniliselt t\u00f5estatud vananemisvastased omadused, mis aeglustavad n\u00e4olihaste kokkut\u00f5mbeid ja v\u00e4hendavad kortsude teket. Lisaks sisaldab kreemi koostis 30% t\u00f5stvaid ja pinguldavaid koostisaineid.<\/p>\n<p>&nbsp;<\/p>\n","protected":false},"excerpt":{"rendered":"<p>Peptiidikompleksiga hooldus<\/p>\n","protected":false},"featured_media":5115,"template":"","meta":{"_mi_skip_tracking":false},"product_cat":[174,134,173,185],"product_tag":[],"class_list":["post-5817","product","type-product","status-publish","has-post-thumbnail","hentry","product_cat-aging-and-mature","product_cat-dottore-en","product_cat-sensitive-and-allergic","product_cat-sets"],"_links":{"self":[{"href":"https:\/\/pood.mgistudio.ee\/en\/wp-json\/wp\/v2\/product\/5817","targetHints":{"allow":["GET"]}}],"collection":[{"href":"https:\/\/pood.mgistudio.ee\/en\/wp-json\/wp\/v2\/product"}],"about":[{"href":"https:\/\/pood.mgistudio.ee\/en\/wp-json\/wp\/v2\/types\/product"}],"wp:featuredmedia":[{"embeddable":true,"href":"https:\/\/pood.mgistudio.ee\/en\/wp-json\/wp\/v2\/media\/5115"}],"wp:attachment":[{"href":"https:\/\/pood.mgistudio.ee\/en\/wp-json\/wp\/v2\/media?parent=5817"}],"wp:term":[{"taxonomy":"product_cat","embeddable":true,"href":"https:\/\/pood.mgistudio.ee\/en\/wp-json\/wp\/v2\/product_cat?post=5817"},{"taxonomy":"product_tag","embeddable":true,"href":"https:\/\/pood.mgistudio.ee\/en\/wp-json\/wp\/v2\/product_tag?post=5817"}],"curies":[{"name":"wp","href":"https:\/\/api.w.org\/{rel}","templated":true}]}}