{"id":5820,"date":"2022-11-15T21:53:33","date_gmt":"2022-11-15T19:53:33","guid":{"rendered":"https:\/\/pood.mgistudio.ee\/?post_type=product&#038;p=5820"},"modified":"2022-11-28T14:37:15","modified_gmt":"2022-11-28T12:37:15","slug":"fitolift-treatment","status":"publish","type":"product","link":"https:\/\/pood.mgistudio.ee\/en\/toode\/fitolift-treatment\/","title":{"rendered":"Fitolift treatment"},"content":{"rendered":"<p>Igap\u00e4evaseks hoolduseks igat t\u00fc\u00fcpi k\u00fcpsele, tundlikule ning pre-, meno- ja postmenopausaalsel perioodil nahale, millel esineb vananemise ning l\u00f5tvumise m\u00e4rke v\u00f5i mis on kaotanud oma elastsuse ja vajab pinguldust ning t\u00f5stvat ovaali korrastamist.<\/p>\n<p>&nbsp;<\/p>\n","protected":false},"excerpt":{"rendered":"<p>Peptiidikompleksi- ja f\u00fctohormoonidega t\u00f5stev hooldus<\/p>\n","protected":false},"featured_media":5111,"template":"","meta":{"_mi_skip_tracking":false},"product_cat":[174,134,185],"product_tag":[],"class_list":["post-5820","product","type-product","status-publish","has-post-thumbnail","hentry","product_cat-aging-and-mature","product_cat-dottore-en","product_cat-sets"],"_links":{"self":[{"href":"https:\/\/pood.mgistudio.ee\/en\/wp-json\/wp\/v2\/product\/5820","targetHints":{"allow":["GET"]}}],"collection":[{"href":"https:\/\/pood.mgistudio.ee\/en\/wp-json\/wp\/v2\/product"}],"about":[{"href":"https:\/\/pood.mgistudio.ee\/en\/wp-json\/wp\/v2\/types\/product"}],"wp:featuredmedia":[{"embeddable":true,"href":"https:\/\/pood.mgistudio.ee\/en\/wp-json\/wp\/v2\/media\/5111"}],"wp:attachment":[{"href":"https:\/\/pood.mgistudio.ee\/en\/wp-json\/wp\/v2\/media?parent=5820"}],"wp:term":[{"taxonomy":"product_cat","embeddable":true,"href":"https:\/\/pood.mgistudio.ee\/en\/wp-json\/wp\/v2\/product_cat?post=5820"},{"taxonomy":"product_tag","embeddable":true,"href":"https:\/\/pood.mgistudio.ee\/en\/wp-json\/wp\/v2\/product_tag?post=5820"}],"curies":[{"name":"wp","href":"https:\/\/api.w.org\/{rel}","templated":true}]}}