{"id":5826,"date":"2022-11-15T21:35:27","date_gmt":"2022-11-15T19:35:27","guid":{"rendered":"https:\/\/pood.mgistudio.ee\/?post_type=product&#038;p=5826"},"modified":"2022-11-28T14:40:12","modified_gmt":"2022-11-28T12:40:12","slug":"peptide-eye","status":"publish","type":"product","link":"https:\/\/pood.mgistudio.ee\/en\/toode\/peptide-eye\/","title":{"rendered":"Peptide Eye"},"content":{"rendered":"<p>Loodud spetsiaalselt \u00f5rna silma\u00fcmbrise jaoks, mis taastab silma\u00fcmbruse v\u00e4rske ilme, silub ja pinguldab silmaaluseid kortsukesi ning t\u00f5stab l\u00f5tvunud silmalaugude nahka. P\u00f5hineb kolmest peptiidist koosneva kompleksi toimel, mis stimuleerib erinevat t\u00fc\u00fcpi kollageeni s\u00fcnteesi. Sobib neile, vajadus pinguldada ja t\u00f5sta \u00f5rna silma\u00fcmbruse nahka v\u00f5i kellel on rippuv \u00fclemine silmalaug, varjud ja tursed silmade all.<\/p>\n<p><strong>P\u00e4eva- ja \u00f6\u00f6hooldus<\/strong><\/p>\n<ul>\n<li>15 ml<\/li>\n<li>pH 6.2<\/li>\n<\/ul>\n","protected":false},"excerpt":{"rendered":"<p>Peptiidikompleksiga silmakreem<\/p>\n","protected":false},"featured_media":5103,"template":"","meta":{"_mi_skip_tracking":false},"product_cat":[174,134,203,189,173],"product_tag":[],"class_list":["post-5826","product","type-product","status-publish","has-post-thumbnail","hentry","product_cat-aging-and-mature","product_cat-dottore-en","product_cat-eye-creams","product_cat-for-men","product_cat-sensitive-and-allergic"],"_links":{"self":[{"href":"https:\/\/pood.mgistudio.ee\/en\/wp-json\/wp\/v2\/product\/5826","targetHints":{"allow":["GET"]}}],"collection":[{"href":"https:\/\/pood.mgistudio.ee\/en\/wp-json\/wp\/v2\/product"}],"about":[{"href":"https:\/\/pood.mgistudio.ee\/en\/wp-json\/wp\/v2\/types\/product"}],"wp:featuredmedia":[{"embeddable":true,"href":"https:\/\/pood.mgistudio.ee\/en\/wp-json\/wp\/v2\/media\/5103"}],"wp:attachment":[{"href":"https:\/\/pood.mgistudio.ee\/en\/wp-json\/wp\/v2\/media?parent=5826"}],"wp:term":[{"taxonomy":"product_cat","embeddable":true,"href":"https:\/\/pood.mgistudio.ee\/en\/wp-json\/wp\/v2\/product_cat?post=5826"},{"taxonomy":"product_tag","embeddable":true,"href":"https:\/\/pood.mgistudio.ee\/en\/wp-json\/wp\/v2\/product_tag?post=5826"}],"curies":[{"name":"wp","href":"https:\/\/api.w.org\/{rel}","templated":true}]}}