{"id":5845,"date":"2022-11-15T20:03:17","date_gmt":"2022-11-15T18:03:17","guid":{"rendered":"https:\/\/pood.mgistudio.ee\/?post_type=product&#038;p=5845"},"modified":"2022-11-28T14:49:47","modified_gmt":"2022-11-28T12:49:47","slug":"sensitore-milk","status":"publish","type":"product","link":"https:\/\/pood.mgistudio.ee\/en\/toode\/sensitore-milk\/","title":{"rendered":"Sensitore Milk"},"content":{"rendered":"<p>Taimse p\u00e4ritoluga ja \u00f5liderikas n\u00e4opuhastuspiim, mis eemaldab igak\u00fclgselt meigi ja muu naha mustuse. Nahk on toidetud ja selle h\u00fcdrolipiidikiht taastatud. Sensitori piim sisaldab 99,92% looduslikku p\u00e4ritolu koostisosi ning on h\u00fcpoallergeenne.<\/p>\n<p><strong>P\u00e4eva- ja \u00f6\u00f6hooldus<\/strong><\/p>\n<ul>\n<li>200 ml<\/li>\n<li>pH 5.5<\/li>\n<\/ul>\n","protected":false},"excerpt":{"rendered":"<p>N\u00e4opuhastuspiim<\/p>\n","protected":false},"featured_media":5077,"template":"","meta":{"_mi_skip_tracking":false},"product_cat":[156,174,160,159,134,163,171,193,167,189,200,168,173,164],"product_tag":[],"class_list":["post-5845","product","type-product","status-publish","has-post-thumbnail","hentry","product_cat-acne-prone","product_cat-aging-and-mature","product_cat-combined","product_cat-damaged-by-environmental-factors","product_cat-dottore-en","product_cat-dry","product_cat-dull-and-lifeless","product_cat-facial-cleansing","product_cat-fatty","product_cat-for-men","product_cat-pregnant-and-lactating-women","product_cat-prone-to-rosacea","product_cat-sensitive-and-allergic","product_cat-young"],"_links":{"self":[{"href":"https:\/\/pood.mgistudio.ee\/en\/wp-json\/wp\/v2\/product\/5845","targetHints":{"allow":["GET"]}}],"collection":[{"href":"https:\/\/pood.mgistudio.ee\/en\/wp-json\/wp\/v2\/product"}],"about":[{"href":"https:\/\/pood.mgistudio.ee\/en\/wp-json\/wp\/v2\/types\/product"}],"wp:featuredmedia":[{"embeddable":true,"href":"https:\/\/pood.mgistudio.ee\/en\/wp-json\/wp\/v2\/media\/5077"}],"wp:attachment":[{"href":"https:\/\/pood.mgistudio.ee\/en\/wp-json\/wp\/v2\/media?parent=5845"}],"wp:term":[{"taxonomy":"product_cat","embeddable":true,"href":"https:\/\/pood.mgistudio.ee\/en\/wp-json\/wp\/v2\/product_cat?post=5845"},{"taxonomy":"product_tag","embeddable":true,"href":"https:\/\/pood.mgistudio.ee\/en\/wp-json\/wp\/v2\/product_tag?post=5845"}],"curies":[{"name":"wp","href":"https:\/\/api.w.org\/{rel}","templated":true}]}}