{"id":5849,"date":"2022-11-15T19:50:17","date_gmt":"2022-11-15T17:50:17","guid":{"rendered":"https:\/\/pood.mgistudio.ee\/?post_type=product&#038;p=5849"},"modified":"2022-11-28T14:50:57","modified_gmt":"2022-11-28T12:50:57","slug":"sensitore-tonic","status":"publish","type":"product","link":"https:\/\/pood.mgistudio.ee\/en\/toode\/sensitore-tonic\/","title":{"rendered":"Sensitore Tonic"},"content":{"rendered":"<p>Taastab naha neutraalse pH, mis on vajalik selle normaalseks toimimiseks. Sisaldab 99,77% looduslikku p\u00e4ritolu koostisosi ja on alkoholivaba. Puhastab naha meigij\u00e4\u00e4kidest, s\u00fcgavpuhastab ja valmistab naha ette edasiseks hoolduseks.<\/p>\n<p><strong>P\u00e4eva- ja \u00f6\u00f6hooldus<\/strong><\/p>\n<ul>\n<li>200 ml<\/li>\n<li>pH 5.5<\/li>\n<\/ul>\n","protected":false},"excerpt":{"rendered":"<p>Rahustav toonik aloe veraga<\/p>\n","protected":false},"featured_media":5075,"template":"","meta":{"_mi_skip_tracking":false},"product_cat":[156,174,160,159,134,163,171,193,167,189,200,168,173,164],"product_tag":[],"class_list":["post-5849","product","type-product","status-publish","has-post-thumbnail","hentry","product_cat-acne-prone","product_cat-aging-and-mature","product_cat-combined","product_cat-damaged-by-environmental-factors","product_cat-dottore-en","product_cat-dry","product_cat-dull-and-lifeless","product_cat-facial-cleansing","product_cat-fatty","product_cat-for-men","product_cat-pregnant-and-lactating-women","product_cat-prone-to-rosacea","product_cat-sensitive-and-allergic","product_cat-young"],"_links":{"self":[{"href":"https:\/\/pood.mgistudio.ee\/en\/wp-json\/wp\/v2\/product\/5849","targetHints":{"allow":["GET"]}}],"collection":[{"href":"https:\/\/pood.mgistudio.ee\/en\/wp-json\/wp\/v2\/product"}],"about":[{"href":"https:\/\/pood.mgistudio.ee\/en\/wp-json\/wp\/v2\/types\/product"}],"wp:featuredmedia":[{"embeddable":true,"href":"https:\/\/pood.mgistudio.ee\/en\/wp-json\/wp\/v2\/media\/5075"}],"wp:attachment":[{"href":"https:\/\/pood.mgistudio.ee\/en\/wp-json\/wp\/v2\/media?parent=5849"}],"wp:term":[{"taxonomy":"product_cat","embeddable":true,"href":"https:\/\/pood.mgistudio.ee\/en\/wp-json\/wp\/v2\/product_cat?post=5849"},{"taxonomy":"product_tag","embeddable":true,"href":"https:\/\/pood.mgistudio.ee\/en\/wp-json\/wp\/v2\/product_tag?post=5849"}],"curies":[{"name":"wp","href":"https:\/\/api.w.org\/{rel}","templated":true}]}}