{"id":5855,"date":"2022-11-15T19:26:06","date_gmt":"2022-11-15T17:26:06","guid":{"rendered":"https:\/\/pood.mgistudio.ee\/?post_type=product&#038;p=5855"},"modified":"2022-11-28T14:54:58","modified_gmt":"2022-11-28T12:54:58","slug":"c-flush-serum","status":"publish","type":"product","link":"https:\/\/pood.mgistudio.ee\/en\/toode\/c-flush-serum\/","title":{"rendered":"C-flush Serum"},"content":{"rendered":"<p>Hooldus nahaseisundi kiireks parandamiseks. Toimib n\u00e4htamatu maskina, mis p\u00fc\u00fcab kinni mustuse, neutraliseerib vabu radikaale ja p\u00e4rsib naha UV-kiirgusest p\u00f5hjustatud oks\u00fcdatiivset stressi. C-vitamiini vabastamine seerumist toimub j\u00e4rk-j\u00e4rguliselt. Seerumi saladuseks on 15% toimeaineid: 6% C-vitamiini, arginiini, ks\u00fclitooli, l\u00fckopeeni, Sacha Inchi \u00f5li, gl\u00fctseriini ja jojoba\u00f5li. M\u00f5eldud tuhmile ja s\u00e4ra kaotanud nahale, millel esineb fotovananemist ning mis januneb antioks\u00fcdantse nahakaitse j\u00e4rele. Pinguldab, toidab, \u00fchtlustab ja annab s\u00e4ra nahale ning kaitseb kahjulike keskkonnam\u00f5jude eest.<\/p>\n<p><strong>P\u00e4evahooldus<\/strong><\/p>\n<ul>\n<li>30ml<\/li>\n<li>pH 5.5<\/li>\n<\/ul>\n","protected":false},"excerpt":{"rendered":"<p>Intensiivne kortsudevastane seerum 6% C-vitamiini ja L-arginiiniga<\/p>\n","protected":false},"featured_media":5191,"template":"","meta":{"_mi_skip_tracking":false},"product_cat":[174,159,134,163,171,195],"product_tag":[],"class_list":["post-5855","product","type-product","status-publish","has-post-thumbnail","hentry","product_cat-aging-and-mature","product_cat-damaged-by-environmental-factors","product_cat-dottore-en","product_cat-dry","product_cat-dull-and-lifeless","product_cat-facial-serums-and-oils"],"_links":{"self":[{"href":"https:\/\/pood.mgistudio.ee\/en\/wp-json\/wp\/v2\/product\/5855","targetHints":{"allow":["GET"]}}],"collection":[{"href":"https:\/\/pood.mgistudio.ee\/en\/wp-json\/wp\/v2\/product"}],"about":[{"href":"https:\/\/pood.mgistudio.ee\/en\/wp-json\/wp\/v2\/types\/product"}],"wp:featuredmedia":[{"embeddable":true,"href":"https:\/\/pood.mgistudio.ee\/en\/wp-json\/wp\/v2\/media\/5191"}],"wp:attachment":[{"href":"https:\/\/pood.mgistudio.ee\/en\/wp-json\/wp\/v2\/media?parent=5855"}],"wp:term":[{"taxonomy":"product_cat","embeddable":true,"href":"https:\/\/pood.mgistudio.ee\/en\/wp-json\/wp\/v2\/product_cat?post=5855"},{"taxonomy":"product_tag","embeddable":true,"href":"https:\/\/pood.mgistudio.ee\/en\/wp-json\/wp\/v2\/product_tag?post=5855"}],"curies":[{"name":"wp","href":"https:\/\/api.w.org\/{rel}","templated":true}]}}