{"id":5858,"date":"2022-11-15T19:07:11","date_gmt":"2022-11-15T17:07:11","guid":{"rendered":"https:\/\/pood.mgistudio.ee\/?post_type=product&#038;p=5858"},"modified":"2022-11-28T14:55:36","modified_gmt":"2022-11-28T12:55:36","slug":"c-flush-cream-rich","status":"publish","type":"product","link":"https:\/\/pood.mgistudio.ee\/en\/toode\/c-flush-cream-rich\/","title":{"rendered":"C-flush Cream RICH"},"content":{"rendered":"<p>T\u00e4nu hoolikalt valitud koostisainetele hoiab \u00e4ra veekadu epidermise rakkudest, v\u00e4hendab temperatuurimuutustest tulenevat m\u00f5ju ja p\u00e4rsib UV-kiirgusest tulenevat negatiivset m\u00f5ju nahale. Kreem on kiire imenduvusega j\u00e4ttes sametise ja mitterasvase viimistluse. Sobib vananemistunnustega, kuivale, hallile, tuhmile v\u00f5i p\u00e4ikese poolt kahjustatud nahale. Pinguldab ja taastab nahka, \u00fchtlustab nahatooni ning kaitseb kahjulike keskkonnam\u00f5jude eest. C-flush kreem RICH v\u00f5lgneb oma ebatavalised omaduste t\u00e4pselt valitud toimeainetele, mis moodustavad koguni 30% kreemist!<\/p>\n<p><strong>P\u00e4evahooldus<\/strong><\/p>\n<ul>\n<li>50 ml<\/li>\n<li>pH 5.5<\/li>\n<\/ul>\n","protected":false},"excerpt":{"rendered":"<p>Vananemisvastane ja toitev kreem C-vitamiiniga<\/p>\n","protected":false},"featured_media":5065,"template":"","meta":{"_mi_skip_tracking":false},"product_cat":[174,159,196,134,163,171,189],"product_tag":[],"class_list":["post-5858","product","type-product","status-publish","has-post-thumbnail","hentry","product_cat-aging-and-mature","product_cat-damaged-by-environmental-factors","product_cat-day-creams","product_cat-dottore-en","product_cat-dry","product_cat-dull-and-lifeless","product_cat-for-men"],"_links":{"self":[{"href":"https:\/\/pood.mgistudio.ee\/en\/wp-json\/wp\/v2\/product\/5858","targetHints":{"allow":["GET"]}}],"collection":[{"href":"https:\/\/pood.mgistudio.ee\/en\/wp-json\/wp\/v2\/product"}],"about":[{"href":"https:\/\/pood.mgistudio.ee\/en\/wp-json\/wp\/v2\/types\/product"}],"wp:featuredmedia":[{"embeddable":true,"href":"https:\/\/pood.mgistudio.ee\/en\/wp-json\/wp\/v2\/media\/5065"}],"wp:attachment":[{"href":"https:\/\/pood.mgistudio.ee\/en\/wp-json\/wp\/v2\/media?parent=5858"}],"wp:term":[{"taxonomy":"product_cat","embeddable":true,"href":"https:\/\/pood.mgistudio.ee\/en\/wp-json\/wp\/v2\/product_cat?post=5858"},{"taxonomy":"product_tag","embeddable":true,"href":"https:\/\/pood.mgistudio.ee\/en\/wp-json\/wp\/v2\/product_tag?post=5858"}],"curies":[{"name":"wp","href":"https:\/\/api.w.org\/{rel}","templated":true}]}}