{"id":5862,"date":"2022-11-15T18:17:52","date_gmt":"2022-11-15T16:17:52","guid":{"rendered":"https:\/\/pood.mgistudio.ee\/?post_type=product&#038;p=5862"},"modified":"2022-11-28T14:57:46","modified_gmt":"2022-11-28T12:57:46","slug":"hydratore","status":"publish","type":"product","link":"https:\/\/pood.mgistudio.ee\/en\/toode\/hydratore\/","title":{"rendered":"Hydratore"},"content":{"rendered":"<p>\u00d5igesti valitud mandlihappe kontsentratsioon ja pH koos ektoiiniga, mis on loomulik osa niisutavatest ning kaitsvatest omadustest, muudavad Hydratore kreemi h\u00e4sti talutavaks isegi v\u00e4ga noorele ja tundlikule nahale. M\u00f5eldud kuivale kalduvale, kombineeritud ja akne probleemidega nahale. Aktiveerib membraani ja muudab naha siledaks, intensiivselt niisutatuks, ahendab poore ja v\u00e4hendab naha rasu tootmist.<\/p>\n<p><strong>P\u00e4evahooldus<\/strong><\/p>\n<ul>\n<li>50 ml<\/li>\n<li>pH 3.8<\/li>\n<\/ul>\n","protected":false},"excerpt":{"rendered":"<p>Intensiivselt niisutav kreem 5% mandlihappega<\/p>\n","protected":false},"featured_media":5063,"template":"","meta":{"_mi_skip_tracking":false},"product_cat":[156,160,196,134,163,189,173,164],"product_tag":[],"class_list":["post-5862","product","type-product","status-publish","has-post-thumbnail","hentry","product_cat-acne-prone","product_cat-combined","product_cat-day-creams","product_cat-dottore-en","product_cat-dry","product_cat-for-men","product_cat-sensitive-and-allergic","product_cat-young"],"_links":{"self":[{"href":"https:\/\/pood.mgistudio.ee\/en\/wp-json\/wp\/v2\/product\/5862","targetHints":{"allow":["GET"]}}],"collection":[{"href":"https:\/\/pood.mgistudio.ee\/en\/wp-json\/wp\/v2\/product"}],"about":[{"href":"https:\/\/pood.mgistudio.ee\/en\/wp-json\/wp\/v2\/types\/product"}],"wp:featuredmedia":[{"embeddable":true,"href":"https:\/\/pood.mgistudio.ee\/en\/wp-json\/wp\/v2\/media\/5063"}],"wp:attachment":[{"href":"https:\/\/pood.mgistudio.ee\/en\/wp-json\/wp\/v2\/media?parent=5862"}],"wp:term":[{"taxonomy":"product_cat","embeddable":true,"href":"https:\/\/pood.mgistudio.ee\/en\/wp-json\/wp\/v2\/product_cat?post=5862"},{"taxonomy":"product_tag","embeddable":true,"href":"https:\/\/pood.mgistudio.ee\/en\/wp-json\/wp\/v2\/product_tag?post=5862"}],"curies":[{"name":"wp","href":"https:\/\/api.w.org\/{rel}","templated":true}]}}