{"id":5880,"date":"2022-11-15T13:02:11","date_gmt":"2022-11-15T11:02:11","guid":{"rendered":"https:\/\/pood.mgistudio.ee\/?post_type=product&#038;p=5880"},"modified":"2022-11-28T15:04:12","modified_gmt":"2022-11-28T13:04:12","slug":"intensive-strengthening-treatment","status":"publish","type":"product","link":"https:\/\/pood.mgistudio.ee\/en\/toode\/intensive-strengthening-treatment\/","title":{"rendered":"Intensive Strengthening Treatment"},"content":{"rendered":"<p>Rosaatseale kalduv veresooneline nahk vajab \u00f5rna, kuid t\u00f5husat hooldust. Hiina Schisandra uuenduslik kombinatsioon pro-revitaliseeriva kompleksiga rahustab naha punetust ja tugevdab veresooni. En\u00fc\u00fcsmkoorija ja rahustav mask t\u00e4iendavad kreemide toimet. Sobilik er\u00fcteemile (punetusele) kalduvale nahale, \u00f5rnale nahale rosaatseaga, v\u00f5rgusilma muutuste ja kapillaarlaienditega nahale, neurogeensete nahap\u00f5letiku s\u00fcmptomite leevendamiseks. Tulemuseks \u00f5rnalt kooritud epidermis, er\u00fcteemi (punetuse) ja peenete miimiliste kortsude v\u00e4henemine, elastsemad ja tugevamad veresooned ning nahk on s\u00e4ravam, pingul ja siledam.<\/p>\n<p>&nbsp;<\/p>\n","protected":false},"excerpt":{"rendered":"<p>Intensiivselt tugevdav hooldus rosaatseale ja er\u00fcteemile (punetusele) kalduvale ning vaskulariseerunud nahale<\/p>\n","protected":false},"featured_media":5039,"template":"","meta":{"_mi_skip_tracking":false},"product_cat":[134,171,167,189,168,173,185],"product_tag":[],"class_list":["post-5880","product","type-product","status-publish","has-post-thumbnail","hentry","product_cat-dottore-en","product_cat-dull-and-lifeless","product_cat-fatty","product_cat-for-men","product_cat-prone-to-rosacea","product_cat-sensitive-and-allergic","product_cat-sets"],"_links":{"self":[{"href":"https:\/\/pood.mgistudio.ee\/en\/wp-json\/wp\/v2\/product\/5880","targetHints":{"allow":["GET"]}}],"collection":[{"href":"https:\/\/pood.mgistudio.ee\/en\/wp-json\/wp\/v2\/product"}],"about":[{"href":"https:\/\/pood.mgistudio.ee\/en\/wp-json\/wp\/v2\/types\/product"}],"wp:featuredmedia":[{"embeddable":true,"href":"https:\/\/pood.mgistudio.ee\/en\/wp-json\/wp\/v2\/media\/5039"}],"wp:attachment":[{"href":"https:\/\/pood.mgistudio.ee\/en\/wp-json\/wp\/v2\/media?parent=5880"}],"wp:term":[{"taxonomy":"product_cat","embeddable":true,"href":"https:\/\/pood.mgistudio.ee\/en\/wp-json\/wp\/v2\/product_cat?post=5880"},{"taxonomy":"product_tag","embeddable":true,"href":"https:\/\/pood.mgistudio.ee\/en\/wp-json\/wp\/v2\/product_tag?post=5880"}],"curies":[{"name":"wp","href":"https:\/\/api.w.org\/{rel}","templated":true}]}}