{"id":5942,"date":"2022-11-25T14:04:44","date_gmt":"2022-11-25T12:04:44","guid":{"rendered":"https:\/\/pood.mgistudio.ee\/?post_type=product&#038;p=5942"},"modified":"2022-11-28T15:35:26","modified_gmt":"2022-11-28T13:35:26","slug":"body-butter","status":"publish","type":"product","link":"https:\/\/pood.mgistudio.ee\/en\/toode\/body-butter\/","title":{"rendered":"Body Butter"},"content":{"rendered":"<p>Orgaanilist neitsi kookos\u00f5li, rafineerimata orgaanilist kakaov\u00f5id ja orgaanilist kardemoni sisaldav kehav\u00f5i kuivanud naha s\u00fcgavaks niisutamiseks ja toitmiseks. Kookosp\u00e4hklites sisalduv looduslik E-vitamiin ja rasvhapped parandavad, siluvad ja v\u00e4hendavad nahakahjustusi. Kakov\u00f5i v\u00f5itleb p\u00f5letiku ja armide tekkimisega. Orgaanilise kardemoni eeterlik \u00f5li leevendab lihaspingeid ja toimib loodusliku antiseptikuna. Kehav\u00f5id v\u00f5ib kasutada nii jahedalt v\u00f5ina kui ka soojendatult vanni- ja\/v\u00f5i keha\u00f5lina.<\/p>\n<p><strong>Igap\u00e4evahooldus<\/strong><\/p>\n<ul>\n<li>118g<\/li>\n<li><span data-sheets-value=\"{&quot;1&quot;:2,&quot;2&quot;:&quot;Orgaaniline neitsi kookos\u00f5li + kardemon&quot;}\" data-sheets-userformat=\"{&quot;2&quot;:4737,&quot;3&quot;:{&quot;1&quot;:0},&quot;10&quot;:2,&quot;12&quot;:0,&quot;15&quot;:&quot;Arial&quot;}\">orgaaniline neitsi kookos\u00f5li + kardemon<\/span><\/li>\n<\/ul>\n","protected":false},"excerpt":{"rendered":"<p><span data-sheets-value=\"{&quot;1&quot;:2,&quot;2&quot;:&quot;Kehav\u00f5i orgaanilise neitsi kookos\u00f5li ja kardemoniga&quot;}\" data-sheets-userformat=\"{&quot;2&quot;:21171,&quot;3&quot;:{&quot;1&quot;:0},&quot;4&quot;:{&quot;1&quot;:2,&quot;2&quot;:16777215},&quot;7&quot;:{&quot;1&quot;:[{&quot;1&quot;:2,&quot;2&quot;:0,&quot;5&quot;:{&quot;1&quot;:2,&quot;2&quot;:0}},{&quot;1&quot;:0,&quot;2&quot;:0,&quot;3&quot;:3},{&quot;1&quot;:1,&quot;2&quot;:0,&quot;4&quot;:1}]},&quot;8&quot;:{&quot;1&quot;:[{&quot;1&quot;:2,&quot;2&quot;:0,&quot;5&quot;:{&quot;1&quot;:2,&quot;2&quot;:0}},{&quot;1&quot;:0,&quot;2&quot;:0,&quot;3&quot;:3},{&quot;1&quot;:1,&quot;2&quot;:0,&quot;4&quot;:1}]},&quot;10&quot;:2,&quot;12&quot;:0,&quot;15&quot;:&quot;Roboto&quot;,&quot;17&quot;:1}\">Kehav\u00f5i orgaanilise neitsi kookos\u00f5li ja kardemoniga<\/span><\/p>\n","protected":false},"featured_media":5265,"template":"","meta":{"_mi_skip_tracking":false},"product_cat":[147,148,136],"product_tag":[],"class_list":["post-5942","product","type-product","status-publish","has-post-thumbnail","hentry","product_cat-body-creams","product_cat-body-oils","product_cat-earth-tu-face-en"],"_links":{"self":[{"href":"https:\/\/pood.mgistudio.ee\/en\/wp-json\/wp\/v2\/product\/5942","targetHints":{"allow":["GET"]}}],"collection":[{"href":"https:\/\/pood.mgistudio.ee\/en\/wp-json\/wp\/v2\/product"}],"about":[{"href":"https:\/\/pood.mgistudio.ee\/en\/wp-json\/wp\/v2\/types\/product"}],"wp:featuredmedia":[{"embeddable":true,"href":"https:\/\/pood.mgistudio.ee\/en\/wp-json\/wp\/v2\/media\/5265"}],"wp:attachment":[{"href":"https:\/\/pood.mgistudio.ee\/en\/wp-json\/wp\/v2\/media?parent=5942"}],"wp:term":[{"taxonomy":"product_cat","embeddable":true,"href":"https:\/\/pood.mgistudio.ee\/en\/wp-json\/wp\/v2\/product_cat?post=5942"},{"taxonomy":"product_tag","embeddable":true,"href":"https:\/\/pood.mgistudio.ee\/en\/wp-json\/wp\/v2\/product_tag?post=5942"}],"curies":[{"name":"wp","href":"https:\/\/api.w.org\/{rel}","templated":true}]}}