{"id":5785,"date":"2022-11-25T13:24:38","date_gmt":"2022-11-25T11:24:38","guid":{"rendered":"https:\/\/pood.mgistudio.ee\/?post_type=product&#038;p=5785"},"modified":"2022-11-29T15:56:33","modified_gmt":"2022-11-29T13:56:33","slug":"skin-stick","status":"publish","type":"product","link":"https:\/\/pood.mgistudio.ee\/ru\/tovar\/skin-stick\/","title":{"rendered":"Skin Stick"},"content":{"rendered":"<p>Taimne multipulk n\u00e4ole, huultele ja kehale, mis pakub kaitsvat niisutust ja mida on v\u00f5imendatud tervendavate taimedega. Sisaldab orgaanilist oliiv\u00f5li, mis on rikas mineraalide, vitamiinide, asendamatute rasvhapete poolest ja imendub kergesti naharakkudesse; puhast mesilasvaha; antiseptilist vetiverijuurt ja geraaniumi. Botaaniline palsam niisutab nahka raku tasandil, tekitab kaitsebarj\u00e4\u00e4ri niiskuse sulgemiseks, kiirendab kudede taastumist, v\u00e4hendab arme ja rahustab \u00e4rritusi pakkudes samal ajal nahka toitvat abi.<\/p>\n<p><strong>Igap\u00e4evahooldus<\/strong><\/p>\n<ul>\n<li>20g<\/li>\n<li>geraanium + vetiverijuur<\/li>\n<\/ul>\n<p>&nbsp;<\/p>\n","protected":false},"excerpt":{"rendered":"<p><span data-sheets-value=\"{&quot;1&quot;:2,&quot;2&quot;:&quot;Taimne multipulk n\u00e4ole, huultele ja kehale&quot;}\" data-sheets-userformat=\"{&quot;2&quot;:21171,&quot;3&quot;:{&quot;1&quot;:0},&quot;4&quot;:{&quot;1&quot;:2,&quot;2&quot;:16777215},&quot;7&quot;:{&quot;1&quot;:[{&quot;1&quot;:2,&quot;2&quot;:0,&quot;5&quot;:{&quot;1&quot;:2,&quot;2&quot;:0}},{&quot;1&quot;:0,&quot;2&quot;:0,&quot;3&quot;:3},{&quot;1&quot;:1,&quot;2&quot;:0,&quot;4&quot;:1}]},&quot;8&quot;:{&quot;1&quot;:[{&quot;1&quot;:2,&quot;2&quot;:0,&quot;5&quot;:{&quot;1&quot;:2,&quot;2&quot;:0}},{&quot;1&quot;:0,&quot;2&quot;:0,&quot;3&quot;:3},{&quot;1&quot;:1,&quot;2&quot;:0,&quot;4&quot;:1}]},&quot;10&quot;:2,&quot;12&quot;:0,&quot;15&quot;:&quot;Roboto&quot;,&quot;17&quot;:1}\">Taimne multipulk n\u00e4ole, huultele ja kehale<\/span><\/p>\n","protected":false},"featured_media":5248,"template":"","meta":{"_mi_skip_tracking":false},"product_cat":[137,224,201,183,146,158,162,194,172],"product_tag":[],"class_list":["post-5785","product","type-product","status-publish","has-post-thumbnail","hentry","product_cat-earth-tu-face-ru","product_cat-maaramata-ru","product_cat-beremennyye-i-kormyashchiye-zhenshchiny","product_cat-guby","product_cat-kremy-dlya-tela","product_cat-povrezhdeny-faktorami-okruzhayushchey-sredy","product_cat-sukhoy","product_cat-syvorotki-i-masla-dlya-litsa","product_cat-chuvstvitelnyy-i-allergicheskiy"],"_links":{"self":[{"href":"https:\/\/pood.mgistudio.ee\/ru\/wp-json\/wp\/v2\/product\/5785","targetHints":{"allow":["GET"]}}],"collection":[{"href":"https:\/\/pood.mgistudio.ee\/ru\/wp-json\/wp\/v2\/product"}],"about":[{"href":"https:\/\/pood.mgistudio.ee\/ru\/wp-json\/wp\/v2\/types\/product"}],"wp:featuredmedia":[{"embeddable":true,"href":"https:\/\/pood.mgistudio.ee\/ru\/wp-json\/wp\/v2\/media\/5248"}],"wp:attachment":[{"href":"https:\/\/pood.mgistudio.ee\/ru\/wp-json\/wp\/v2\/media?parent=5785"}],"wp:term":[{"taxonomy":"product_cat","embeddable":true,"href":"https:\/\/pood.mgistudio.ee\/ru\/wp-json\/wp\/v2\/product_cat?post=5785"},{"taxonomy":"product_tag","embeddable":true,"href":"https:\/\/pood.mgistudio.ee\/ru\/wp-json\/wp\/v2\/product_tag?post=5785"}],"curies":[{"name":"wp","href":"https:\/\/api.w.org\/{rel}","templated":true}]}}