{"id":5795,"date":"2022-11-18T12:28:38","date_gmt":"2022-11-18T10:28:38","guid":{"rendered":"https:\/\/pood.mgistudio.ee\/?post_type=product&#038;p=5795"},"modified":"2022-11-28T14:31:34","modified_gmt":"2022-11-28T12:31:34","slug":"sacred-love-oil","status":"publish","type":"product","link":"https:\/\/pood.mgistudio.ee\/ru\/tovar\/sacred-love-oil\/","title":{"rendered":"Sacred Love Oil"},"content":{"rendered":"<p>Orgaaniline, vegan, mittetoksiline afrodisiaakum \u00f5li, mis on loodud verevoolu suurendamiseks, n\u00e4rvside parandamiseks ja libiido stimuleerimiseks. Sisaldab ainulaadset ja v\u00f5imsat k\u00f5rgkvaliteetsete taime\u00f5lide, \u00fcrtide ja eeterlike \u00f5lide kombinatsiooni, mis on valitud spetsiaalselt nende soojendavate ja sensuaalsete eeliste t\u00f5ttu. Seda \u00f5li v\u00f5ib kanda ka v\u00f5rgutava parf\u00fc\u00fcmina. \u00dclendava aromaatse kogemuse saamiseks v\u00f5ite terve p\u00e4eva jooksul \u00f5li ohutult uuesti peale kanda.<\/p>\n<p><strong>Igap\u00e4evane hooldus\u00a0<\/strong><\/p>\n<ul>\n<li>10 ml<\/li>\n<li>100% puhtad orgaanilised \u00f5lid<\/li>\n<li>vegan<\/li>\n<li>mitte &#8211; GMO<\/li>\n<li>ei sisalda s\u00fcnteetikat ja tugevaid kemikaale<\/li>\n<\/ul>\n","protected":false},"excerpt":{"rendered":"<p><span data-sheets-value=\"{&quot;1&quot;:2,&quot;2&quot;:&quot;Afrodisiaakum\u00f5li libiido stimuleerimiseks&quot;}\" data-sheets-userformat=\"{&quot;2&quot;:21171,&quot;3&quot;:{&quot;1&quot;:0},&quot;4&quot;:{&quot;1&quot;:2,&quot;2&quot;:16777215},&quot;7&quot;:{&quot;1&quot;:[{&quot;1&quot;:2,&quot;2&quot;:0,&quot;5&quot;:{&quot;1&quot;:2,&quot;2&quot;:0}},{&quot;1&quot;:0,&quot;2&quot;:0,&quot;3&quot;:3},{&quot;1&quot;:1,&quot;2&quot;:0,&quot;4&quot;:1}]},&quot;8&quot;:{&quot;1&quot;:[{&quot;1&quot;:2,&quot;2&quot;:0,&quot;5&quot;:{&quot;1&quot;:2,&quot;2&quot;:0}},{&quot;1&quot;:0,&quot;2&quot;:0,&quot;3&quot;:3},{&quot;1&quot;:1,&quot;2&quot;:0,&quot;4&quot;:1}]},&quot;10&quot;:2,&quot;12&quot;:0,&quot;15&quot;:&quot;Roboto&quot;,&quot;17&quot;:1}\">Afrodisiaakum \u00f5li libiido suurendamiseks<\/span><\/p>\n","protected":false},"featured_media":5182,"template":"","meta":{"_mi_skip_tracking":false},"product_cat":[141,149],"product_tag":[],"class_list":["post-5795","product","type-product","status-publish","has-post-thumbnail","hentry","product_cat-vered-organic-botanicals-ru","product_cat-masla-dlya-tela"],"_links":{"self":[{"href":"https:\/\/pood.mgistudio.ee\/ru\/wp-json\/wp\/v2\/product\/5795","targetHints":{"allow":["GET"]}}],"collection":[{"href":"https:\/\/pood.mgistudio.ee\/ru\/wp-json\/wp\/v2\/product"}],"about":[{"href":"https:\/\/pood.mgistudio.ee\/ru\/wp-json\/wp\/v2\/types\/product"}],"wp:featuredmedia":[{"embeddable":true,"href":"https:\/\/pood.mgistudio.ee\/ru\/wp-json\/wp\/v2\/media\/5182"}],"wp:attachment":[{"href":"https:\/\/pood.mgistudio.ee\/ru\/wp-json\/wp\/v2\/media?parent=5795"}],"wp:term":[{"taxonomy":"product_cat","embeddable":true,"href":"https:\/\/pood.mgistudio.ee\/ru\/wp-json\/wp\/v2\/product_cat?post=5795"},{"taxonomy":"product_tag","embeddable":true,"href":"https:\/\/pood.mgistudio.ee\/ru\/wp-json\/wp\/v2\/product_tag?post=5795"}],"curies":[{"name":"wp","href":"https:\/\/api.w.org\/{rel}","templated":true}]}}