{"id":5798,"date":"2022-11-18T12:08:40","date_gmt":"2022-11-18T10:08:40","guid":{"rendered":"https:\/\/pood.mgistudio.ee\/?post_type=product&#038;p=5798"},"modified":"2022-11-28T14:32:03","modified_gmt":"2022-11-28T12:32:03","slug":"herbal-balancing-oil-cleanser","status":"publish","type":"product","link":"https:\/\/pood.mgistudio.ee\/ru\/tovar\/herbal-balancing-oil-cleanser\/","title":{"rendered":"Herbal Balancing Oil Cleanser"},"content":{"rendered":"<p>Puhastab \u00f5rnalt, kuid p\u00f5hjalikult, tasakaalustab ja toidab nahka. Rahustav segu \u00f5lidest ja \u00fcrtidest, mis on looduslikult antibakteriaalsed, seenevastased ja antimikroobsed, antioks\u00fcdantidest, vitamiinidest ning asendamatutest rasvhapetest. Erinevalt traditsioonilistest &#8220;n\u00e4ovahtudest&#8221; tekitab see siidine \u00f5li veega kokkupuutes madala mati vahu, j\u00e4ttes naha s\u00e4ravaks ja selgeks. See \u00f5rn hooldus tuleb kasuks kombineeritud, rasusele, plekkidele kalduvale, tundlikule, kuivale ja deh\u00fcdreeritud nahale. Toimib t\u00f5husa meigieemaldina, tasakaalustab samal ajal naha pH taset ja v\u00e4hendab naha rasu tootmist.<\/p>\n<p><strong>P\u00e4eva- ja \u00f6\u00f6hooldus<\/strong><\/p>\n<ul>\n<li>100 ml<\/li>\n<li>100% puhtad orgaanilised \u00f5lid<\/li>\n<li>vegan<\/li>\n<li>mitte &#8211; GMO<\/li>\n<li>ei sisalda s\u00fcnteetikat ja tugevaid kemikaale<\/li>\n<\/ul>\n","protected":false},"excerpt":{"rendered":"<p>Taimne tasakaalustav n\u00e4opuhastus\u00f5li<\/p>\n","protected":false},"featured_media":5178,"template":"","meta":{"_mi_skip_tracking":false},"product_cat":[141,166,161,158,162,170,192],"product_tag":[],"class_list":["post-5798","product","type-product","status-publish","has-post-thumbnail","hentry","product_cat-vered-organic-botanicals-ru","product_cat-zhirnyy","product_cat-161","product_cat-povrezhdeny-faktorami-okruzhayushchey-sredy","product_cat-sukhoy","product_cat-tusklyy-i-bezzhiznennyy","product_cat-chistka-litsa"],"_links":{"self":[{"href":"https:\/\/pood.mgistudio.ee\/ru\/wp-json\/wp\/v2\/product\/5798","targetHints":{"allow":["GET"]}}],"collection":[{"href":"https:\/\/pood.mgistudio.ee\/ru\/wp-json\/wp\/v2\/product"}],"about":[{"href":"https:\/\/pood.mgistudio.ee\/ru\/wp-json\/wp\/v2\/types\/product"}],"wp:featuredmedia":[{"embeddable":true,"href":"https:\/\/pood.mgistudio.ee\/ru\/wp-json\/wp\/v2\/media\/5178"}],"wp:attachment":[{"href":"https:\/\/pood.mgistudio.ee\/ru\/wp-json\/wp\/v2\/media?parent=5798"}],"wp:term":[{"taxonomy":"product_cat","embeddable":true,"href":"https:\/\/pood.mgistudio.ee\/ru\/wp-json\/wp\/v2\/product_cat?post=5798"},{"taxonomy":"product_tag","embeddable":true,"href":"https:\/\/pood.mgistudio.ee\/ru\/wp-json\/wp\/v2\/product_tag?post=5798"}],"curies":[{"name":"wp","href":"https:\/\/api.w.org\/{rel}","templated":true}]}}