{"id":5810,"date":"2022-11-18T10:32:45","date_gmt":"2022-11-18T08:32:45","guid":{"rendered":"https:\/\/pood.mgistudio.ee\/?post_type=product&#038;p=5810"},"modified":"2022-11-28T14:35:04","modified_gmt":"2022-11-28T12:35:04","slug":"therapeutic-balancing-face-oil","status":"publish","type":"product","link":"https:\/\/pood.mgistudio.ee\/ru\/tovar\/therapeutic-balancing-face-oil\/","title":{"rendered":"Therapeutic Balancing Face Oil"},"content":{"rendered":"<p>Taastav \u00fcrtidega seerum, mis sobib ideaalselt normaalsele ja probleemsele nahale. On kiiresti imenduv ja loodud tasakaalustama rasu tootmist ning leevendama naha p\u00f5letikulisi protsesse. Sisaldab seenevastaseid, antibakteriaalseid ja p\u00f5letikuvastaseid \u00fcrte, mis kontrollivad rasu tootmist. Varustab nahka v\u00f5imsate antioks\u00fcdantidega ning looduslikult esinevate vitamiinide, mineraalide ja tanniididega, mis takistavad surnud naharakkude kogunemist.<\/p>\n<p><strong>P\u00e4eva- ja \u00f6\u00f6hooldus<\/strong><\/p>\n<ul>\n<li>30 ml<\/li>\n<li>100% puhtad orgaanilised \u00f5lid<\/li>\n<li>vegan<\/li>\n<li>mitte &#8211; GMO<\/li>\n<li>ei sisalda s\u00fcnteetikat ja tugevaid kemikaale<\/li>\n<\/ul>\n","protected":false},"excerpt":{"rendered":"<p><span data-sheets-value=\"{&quot;1&quot;:2,&quot;2&quot;:&quot;Taastav \u00fcrtidega seerum&quot;}\" data-sheets-userformat=\"{&quot;2&quot;:21171,&quot;3&quot;:{&quot;1&quot;:0},&quot;4&quot;:{&quot;1&quot;:2,&quot;2&quot;:16777215},&quot;7&quot;:{&quot;1&quot;:[{&quot;1&quot;:2,&quot;2&quot;:0,&quot;5&quot;:{&quot;1&quot;:2,&quot;2&quot;:0}},{&quot;1&quot;:0,&quot;2&quot;:0,&quot;3&quot;:3},{&quot;1&quot;:1,&quot;2&quot;:0,&quot;4&quot;:1}]},&quot;8&quot;:{&quot;1&quot;:[{&quot;1&quot;:2,&quot;2&quot;:0,&quot;5&quot;:{&quot;1&quot;:2,&quot;2&quot;:0}},{&quot;1&quot;:0,&quot;2&quot;:0,&quot;3&quot;:3},{&quot;1&quot;:1,&quot;2&quot;:0,&quot;4&quot;:1}]},&quot;10&quot;:2,&quot;12&quot;:0,&quot;15&quot;:&quot;Roboto&quot;,&quot;17&quot;:1}\">Taastav \u00fcrtidega seerum<\/span><\/p>\n","protected":false},"featured_media":5190,"template":"","meta":{"_mi_skip_tracking":false},"product_cat":[141,201,188,166,165,169,157,194],"product_tag":[],"class_list":["post-5810","product","type-product","status-publish","has-post-thumbnail","hentry","product_cat-vered-organic-botanicals-ru","product_cat-beremennyye-i-kormyashchiye-zhenshchiny","product_cat-dlya-muzhchin","product_cat-zhirnyy","product_cat-molodoy","product_cat-sklonen-k-rozatsea","product_cat-sklonnyy-k-akne","product_cat-syvorotki-i-masla-dlya-litsa"],"_links":{"self":[{"href":"https:\/\/pood.mgistudio.ee\/ru\/wp-json\/wp\/v2\/product\/5810","targetHints":{"allow":["GET"]}}],"collection":[{"href":"https:\/\/pood.mgistudio.ee\/ru\/wp-json\/wp\/v2\/product"}],"about":[{"href":"https:\/\/pood.mgistudio.ee\/ru\/wp-json\/wp\/v2\/types\/product"}],"wp:featuredmedia":[{"embeddable":true,"href":"https:\/\/pood.mgistudio.ee\/ru\/wp-json\/wp\/v2\/media\/5190"}],"wp:attachment":[{"href":"https:\/\/pood.mgistudio.ee\/ru\/wp-json\/wp\/v2\/media?parent=5810"}],"wp:term":[{"taxonomy":"product_cat","embeddable":true,"href":"https:\/\/pood.mgistudio.ee\/ru\/wp-json\/wp\/v2\/product_cat?post=5810"},{"taxonomy":"product_tag","embeddable":true,"href":"https:\/\/pood.mgistudio.ee\/ru\/wp-json\/wp\/v2\/product_tag?post=5810"}],"curies":[{"name":"wp","href":"https:\/\/api.w.org\/{rel}","templated":true}]}}