{"id":5816,"date":"2022-11-17T19:54:54","date_gmt":"2022-11-17T17:54:54","guid":{"rendered":"https:\/\/pood.mgistudio.ee\/?post_type=product&#038;p=5816"},"modified":"2022-11-28T14:36:07","modified_gmt":"2022-11-28T12:36:07","slug":"herb-infused-toner","status":"publish","type":"product","link":"https:\/\/pood.mgistudio.ee\/ru\/tovar\/herb-infused-toner\/","title":{"rendered":"Herb-Infused Toner"},"content":{"rendered":"<p>Sertifitseeritud orgaanilisi, looduslikult valmistatud taime\u00f5lisid ja \u00fcrte sisaldav \u00f5rn tooner naha puhastamiseks ja mustuse eemaldamiseks ilma kuivatamata. Tooner on meeldiva lillearoomiga, rikas antibakteriaalsete omaduste ja rahustavate \u00fcrtide poolest, mis taastavad p\u00f5letikulise ning tasakaalustamata naha tervisliku pH taseme, j\u00e4ttes sellele puhta, v\u00e4rske ja kergelt h\u00fcdreeritud tunde. Ideaalselt sobilik normaalsele, kombineeritud, rasusele, aknele kalduvale ja deh\u00fcdreeritud nahat\u00fc\u00fcpidele.<\/p>\n<p><strong>P\u00e4eva- ja \u00f6\u00f6hooldus<\/strong><\/p>\n<ul>\n<li>100 ml<\/li>\n<li>100% puhtad orgaanilised \u00f5lid<\/li>\n<li>vegan<\/li>\n<li>mitte &#8211; GMO<\/li>\n<li>ei sisalda s\u00fcnteetikat ja tugevaid kemikaale<\/li>\n<\/ul>\n","protected":false},"excerpt":{"rendered":"<p>\u00dcrtidega infundeeritud tooner<\/p>\n","protected":false},"featured_media":5176,"template":"","meta":{"_mi_skip_tracking":false},"product_cat":[141,201,166,161,165,162,192],"product_tag":[],"class_list":["post-5816","product","type-product","status-publish","has-post-thumbnail","hentry","product_cat-vered-organic-botanicals-ru","product_cat-beremennyye-i-kormyashchiye-zhenshchiny","product_cat-zhirnyy","product_cat-161","product_cat-molodoy","product_cat-sukhoy","product_cat-chistka-litsa"],"_links":{"self":[{"href":"https:\/\/pood.mgistudio.ee\/ru\/wp-json\/wp\/v2\/product\/5816","targetHints":{"allow":["GET"]}}],"collection":[{"href":"https:\/\/pood.mgistudio.ee\/ru\/wp-json\/wp\/v2\/product"}],"about":[{"href":"https:\/\/pood.mgistudio.ee\/ru\/wp-json\/wp\/v2\/types\/product"}],"wp:featuredmedia":[{"embeddable":true,"href":"https:\/\/pood.mgistudio.ee\/ru\/wp-json\/wp\/v2\/media\/5176"}],"wp:attachment":[{"href":"https:\/\/pood.mgistudio.ee\/ru\/wp-json\/wp\/v2\/media?parent=5816"}],"wp:term":[{"taxonomy":"product_cat","embeddable":true,"href":"https:\/\/pood.mgistudio.ee\/ru\/wp-json\/wp\/v2\/product_cat?post=5816"},{"taxonomy":"product_tag","embeddable":true,"href":"https:\/\/pood.mgistudio.ee\/ru\/wp-json\/wp\/v2\/product_tag?post=5816"}],"curies":[{"name":"wp","href":"https:\/\/api.w.org\/{rel}","templated":true}]}}