{"id":5824,"date":"2022-11-15T21:46:29","date_gmt":"2022-11-15T19:46:29","guid":{"rendered":"https:\/\/pood.mgistudio.ee\/?post_type=product&#038;p=5824"},"modified":"2022-11-28T14:37:58","modified_gmt":"2022-11-28T12:37:58","slug":"fitolift-serum","status":"publish","type":"product","link":"https:\/\/pood.mgistudio.ee\/ru\/tovar\/fitolift-serum\/","title":{"rendered":"Fitolift Serum"},"content":{"rendered":"<p>Pre-, meno- ja postmenopausaalsel perioodil naistele m\u00f5eldud seerum, mis sisaldab kontsentreeritud annust f\u00fctohormoone. V\u00e4hendab \u00f6strogeeni puudususest intensiivistunud naha vananemise s\u00fcmptomeid, taastades s\u00e4ra ja kauni v\u00e4rvi. Seerum niisutab, stimuleerib kollageeni s\u00fcnteesi, aitab nahal taastada elastsuse ning t\u00f5sta n\u00e4o ovaali.<\/p>\n<p><strong>P\u00e4eva- ja \u00f6\u00f6hooldus<\/strong><\/p>\n<ul>\n<li>30 ml<\/li>\n<li>pH 5.2<\/li>\n<\/ul>\n","protected":false},"excerpt":{"rendered":"<p>F\u00fctohormoonidega nahka t\u00f5stev (lifting) seerum<\/p>\n","protected":false},"featured_media":5110,"template":"","meta":{"_mi_skip_tracking":false},"product_cat":[135,175,194],"product_tag":[],"class_list":["post-5824","product","type-product","status-publish","has-post-thumbnail","hentry","product_cat-dottore-ru","product_cat-stareniye-i-zrelost","product_cat-syvorotki-i-masla-dlya-litsa"],"_links":{"self":[{"href":"https:\/\/pood.mgistudio.ee\/ru\/wp-json\/wp\/v2\/product\/5824","targetHints":{"allow":["GET"]}}],"collection":[{"href":"https:\/\/pood.mgistudio.ee\/ru\/wp-json\/wp\/v2\/product"}],"about":[{"href":"https:\/\/pood.mgistudio.ee\/ru\/wp-json\/wp\/v2\/types\/product"}],"wp:featuredmedia":[{"embeddable":true,"href":"https:\/\/pood.mgistudio.ee\/ru\/wp-json\/wp\/v2\/media\/5110"}],"wp:attachment":[{"href":"https:\/\/pood.mgistudio.ee\/ru\/wp-json\/wp\/v2\/media?parent=5824"}],"wp:term":[{"taxonomy":"product_cat","embeddable":true,"href":"https:\/\/pood.mgistudio.ee\/ru\/wp-json\/wp\/v2\/product_cat?post=5824"},{"taxonomy":"product_tag","embeddable":true,"href":"https:\/\/pood.mgistudio.ee\/ru\/wp-json\/wp\/v2\/product_tag?post=5824"}],"curies":[{"name":"wp","href":"https:\/\/api.w.org\/{rel}","templated":true}]}}