{"id":5840,"date":"2022-11-15T20:50:04","date_gmt":"2022-11-15T18:50:04","guid":{"rendered":"https:\/\/pood.mgistudio.ee\/?post_type=product&#038;p=5840"},"modified":"2022-11-28T14:48:46","modified_gmt":"2022-11-28T12:48:46","slug":"nmf-xpress-eyes","status":"publish","type":"product","link":"https:\/\/pood.mgistudio.ee\/ru\/tovar\/nmf-xpress-eyes\/","title":{"rendered":"NMF Xpress Eyes"},"content":{"rendered":"<p>Sisaldab 10% tetrapeptiidi, millel on tursevastased omadused ja mis k\u00f5rvaldab tumedad silmaalused. Kreem parandab vere mikrotsirkulatsiooni ja kiirendab vee eemaldumist takistades silmaaluste tursete teket. Sisaldab liustikuvett, mis tagab epideemiliste kihtide s\u00fcgava niisutuse. Tulemuseks on sile, niisutatud ja s\u00e4rav v\u00e4limus.<\/p>\n<p><strong>P\u00e4eva- ja \u00f6\u00f6hooldus<\/strong><\/p>\n<ul>\n<li>15ml<\/li>\n<li>pH 6.0<\/li>\n<\/ul>\n","protected":false},"excerpt":{"rendered":"<p>Niisutav kreem silmadele ja silmalaugudele<\/p>\n","protected":false},"featured_media":5084,"template":"","meta":{"_mi_skip_tracking":false},"product_cat":[135,166,161,202,165,158,175,162,172],"product_tag":[],"class_list":["post-5840","product","type-product","status-publish","has-post-thumbnail","hentry","product_cat-dottore-ru","product_cat-zhirnyy","product_cat-161","product_cat-kremy-dlya-glaz","product_cat-molodoy","product_cat-povrezhdeny-faktorami-okruzhayushchey-sredy","product_cat-stareniye-i-zrelost","product_cat-sukhoy","product_cat-chuvstvitelnyy-i-allergicheskiy"],"_links":{"self":[{"href":"https:\/\/pood.mgistudio.ee\/ru\/wp-json\/wp\/v2\/product\/5840","targetHints":{"allow":["GET"]}}],"collection":[{"href":"https:\/\/pood.mgistudio.ee\/ru\/wp-json\/wp\/v2\/product"}],"about":[{"href":"https:\/\/pood.mgistudio.ee\/ru\/wp-json\/wp\/v2\/types\/product"}],"wp:featuredmedia":[{"embeddable":true,"href":"https:\/\/pood.mgistudio.ee\/ru\/wp-json\/wp\/v2\/media\/5084"}],"wp:attachment":[{"href":"https:\/\/pood.mgistudio.ee\/ru\/wp-json\/wp\/v2\/media?parent=5840"}],"wp:term":[{"taxonomy":"product_cat","embeddable":true,"href":"https:\/\/pood.mgistudio.ee\/ru\/wp-json\/wp\/v2\/product_cat?post=5840"},{"taxonomy":"product_tag","embeddable":true,"href":"https:\/\/pood.mgistudio.ee\/ru\/wp-json\/wp\/v2\/product_tag?post=5840"}],"curies":[{"name":"wp","href":"https:\/\/api.w.org\/{rel}","templated":true}]}}