{"id":5846,"date":"2022-11-15T20:03:17","date_gmt":"2022-11-15T18:03:17","guid":{"rendered":"https:\/\/pood.mgistudio.ee\/?post_type=product&#038;p=5846"},"modified":"2022-11-28T14:50:15","modified_gmt":"2022-11-28T12:50:15","slug":"sensitore-milk","status":"publish","type":"product","link":"https:\/\/pood.mgistudio.ee\/ru\/tovar\/sensitore-milk\/","title":{"rendered":"Sensitore Milk"},"content":{"rendered":"<p>Taimse p\u00e4ritoluga ja \u00f5liderikas n\u00e4opuhastuspiim, mis eemaldab igak\u00fclgselt meigi ja muu naha mustuse. Nahk on toidetud ja selle h\u00fcdrolipiidikiht taastatud. Sensitori piim sisaldab 99,92% looduslikku p\u00e4ritolu koostisosi ning on h\u00fcpoallergeenne.<\/p>\n<p><strong>P\u00e4eva- ja \u00f6\u00f6hooldus<\/strong><\/p>\n<ul>\n<li>200 ml<\/li>\n<li>pH 5.5<\/li>\n<\/ul>\n","protected":false},"excerpt":{"rendered":"<p>N\u00e4opuhastuspiim<\/p>\n","protected":false},"featured_media":5078,"template":"","meta":{"_mi_skip_tracking":false},"product_cat":[135,201,188,166,161,165,158,169,157,175,162,170,192,172],"product_tag":[],"class_list":["post-5846","product","type-product","status-publish","has-post-thumbnail","hentry","product_cat-dottore-ru","product_cat-beremennyye-i-kormyashchiye-zhenshchiny","product_cat-dlya-muzhchin","product_cat-zhirnyy","product_cat-161","product_cat-molodoy","product_cat-povrezhdeny-faktorami-okruzhayushchey-sredy","product_cat-sklonen-k-rozatsea","product_cat-sklonnyy-k-akne","product_cat-stareniye-i-zrelost","product_cat-sukhoy","product_cat-tusklyy-i-bezzhiznennyy","product_cat-chistka-litsa","product_cat-chuvstvitelnyy-i-allergicheskiy"],"_links":{"self":[{"href":"https:\/\/pood.mgistudio.ee\/ru\/wp-json\/wp\/v2\/product\/5846","targetHints":{"allow":["GET"]}}],"collection":[{"href":"https:\/\/pood.mgistudio.ee\/ru\/wp-json\/wp\/v2\/product"}],"about":[{"href":"https:\/\/pood.mgistudio.ee\/ru\/wp-json\/wp\/v2\/types\/product"}],"wp:featuredmedia":[{"embeddable":true,"href":"https:\/\/pood.mgistudio.ee\/ru\/wp-json\/wp\/v2\/media\/5078"}],"wp:attachment":[{"href":"https:\/\/pood.mgistudio.ee\/ru\/wp-json\/wp\/v2\/media?parent=5846"}],"wp:term":[{"taxonomy":"product_cat","embeddable":true,"href":"https:\/\/pood.mgistudio.ee\/ru\/wp-json\/wp\/v2\/product_cat?post=5846"},{"taxonomy":"product_tag","embeddable":true,"href":"https:\/\/pood.mgistudio.ee\/ru\/wp-json\/wp\/v2\/product_tag?post=5846"}],"curies":[{"name":"wp","href":"https:\/\/api.w.org\/{rel}","templated":true}]}}