{"id":5850,"date":"2022-11-15T19:50:17","date_gmt":"2022-11-15T17:50:17","guid":{"rendered":"https:\/\/pood.mgistudio.ee\/?post_type=product&#038;p=5850"},"modified":"2022-11-28T14:51:51","modified_gmt":"2022-11-28T12:51:51","slug":"sensitore-tonic","status":"publish","type":"product","link":"https:\/\/pood.mgistudio.ee\/ru\/tovar\/sensitore-tonic\/","title":{"rendered":"Sensitore Tonic"},"content":{"rendered":"<p>Taastab naha neutraalse pH, mis on vajalik selle normaalseks toimimiseks. Sisaldab 99,77% looduslikku p\u00e4ritolu koostisosi ja on alkoholivaba. Puhastab naha meigij\u00e4\u00e4kidest, s\u00fcgavpuhastab ja valmistab naha ette edasiseks hoolduseks.<\/p>\n<p><strong>P\u00e4eva- ja \u00f6\u00f6hooldus<\/strong><\/p>\n<ul>\n<li>200 ml<\/li>\n<li>pH 5.5<\/li>\n<\/ul>\n","protected":false},"excerpt":{"rendered":"<p>Rahustav toonik aloe veraga<\/p>\n","protected":false},"featured_media":5076,"template":"","meta":{"_mi_skip_tracking":false},"product_cat":[135,201,188,166,161,165,158,169,157,175,162,170,192,172],"product_tag":[],"class_list":["post-5850","product","type-product","status-publish","has-post-thumbnail","hentry","product_cat-dottore-ru","product_cat-beremennyye-i-kormyashchiye-zhenshchiny","product_cat-dlya-muzhchin","product_cat-zhirnyy","product_cat-161","product_cat-molodoy","product_cat-povrezhdeny-faktorami-okruzhayushchey-sredy","product_cat-sklonen-k-rozatsea","product_cat-sklonnyy-k-akne","product_cat-stareniye-i-zrelost","product_cat-sukhoy","product_cat-tusklyy-i-bezzhiznennyy","product_cat-chistka-litsa","product_cat-chuvstvitelnyy-i-allergicheskiy"],"_links":{"self":[{"href":"https:\/\/pood.mgistudio.ee\/ru\/wp-json\/wp\/v2\/product\/5850","targetHints":{"allow":["GET"]}}],"collection":[{"href":"https:\/\/pood.mgistudio.ee\/ru\/wp-json\/wp\/v2\/product"}],"about":[{"href":"https:\/\/pood.mgistudio.ee\/ru\/wp-json\/wp\/v2\/types\/product"}],"wp:featuredmedia":[{"embeddable":true,"href":"https:\/\/pood.mgistudio.ee\/ru\/wp-json\/wp\/v2\/media\/5076"}],"wp:attachment":[{"href":"https:\/\/pood.mgistudio.ee\/ru\/wp-json\/wp\/v2\/media?parent=5850"}],"wp:term":[{"taxonomy":"product_cat","embeddable":true,"href":"https:\/\/pood.mgistudio.ee\/ru\/wp-json\/wp\/v2\/product_cat?post=5850"},{"taxonomy":"product_tag","embeddable":true,"href":"https:\/\/pood.mgistudio.ee\/ru\/wp-json\/wp\/v2\/product_tag?post=5850"}],"curies":[{"name":"wp","href":"https:\/\/api.w.org\/{rel}","templated":true}]}}