{"id":5872,"date":"2022-11-15T17:25:57","date_gmt":"2022-11-15T15:25:57","guid":{"rendered":"https:\/\/pood.mgistudio.ee\/?post_type=product&#038;p=5872"},"modified":"2022-11-28T15:00:38","modified_gmt":"2022-11-28T13:00:38","slug":"retino-eye","status":"publish","type":"product","link":"https:\/\/pood.mgistudio.ee\/ru\/tovar\/retino-eye\/","title":{"rendered":"Retino Eye"},"content":{"rendered":"<p>T\u00e4nu ainulaadsele retinooli ja kofeiini kombinatsioonile stimuleerib intensiivselt \u00f5hukest silma\u00fcmbruse nahka, et elustada sealseid protsesse. Intensiivselt regenereeriv \u00f6ine hooldus p\u00f5hineb s\u00fcnergiliselt kombineeritud retinooli ja \u00f6koretinooli aktiivsel toimel, mis v\u00f5itleb vananemisilmingutega, tumedate ja turses silmaalustega ning kuiva ja deh\u00fcdreeritud silma\u00fcmbruse nahaga.<\/p>\n<p><strong>\u00d6\u00f6hooldus<\/strong><\/p>\n<ul>\n<li>15 ml<\/li>\n<li>pH 6.0<\/li>\n<\/ul>\n","protected":false},"excerpt":{"rendered":"<p>Intensiivselt taastav \u00f6ine silmakreem 0,03% A-vitamiiniga<\/p>\n","protected":false},"featured_media":5050,"template":"","meta":{"_mi_skip_tracking":false},"product_cat":[135,188,202,175,170],"product_tag":[],"class_list":["post-5872","product","type-product","status-publish","has-post-thumbnail","hentry","product_cat-dottore-ru","product_cat-dlya-muzhchin","product_cat-kremy-dlya-glaz","product_cat-stareniye-i-zrelost","product_cat-tusklyy-i-bezzhiznennyy"],"_links":{"self":[{"href":"https:\/\/pood.mgistudio.ee\/ru\/wp-json\/wp\/v2\/product\/5872","targetHints":{"allow":["GET"]}}],"collection":[{"href":"https:\/\/pood.mgistudio.ee\/ru\/wp-json\/wp\/v2\/product"}],"about":[{"href":"https:\/\/pood.mgistudio.ee\/ru\/wp-json\/wp\/v2\/types\/product"}],"wp:featuredmedia":[{"embeddable":true,"href":"https:\/\/pood.mgistudio.ee\/ru\/wp-json\/wp\/v2\/media\/5050"}],"wp:attachment":[{"href":"https:\/\/pood.mgistudio.ee\/ru\/wp-json\/wp\/v2\/media?parent=5872"}],"wp:term":[{"taxonomy":"product_cat","embeddable":true,"href":"https:\/\/pood.mgistudio.ee\/ru\/wp-json\/wp\/v2\/product_cat?post=5872"},{"taxonomy":"product_tag","embeddable":true,"href":"https:\/\/pood.mgistudio.ee\/ru\/wp-json\/wp\/v2\/product_tag?post=5872"}],"curies":[{"name":"wp","href":"https:\/\/api.w.org\/{rel}","templated":true}]}}