{"id":5888,"date":"2022-11-15T11:48:16","date_gmt":"2022-11-15T09:48:16","guid":{"rendered":"https:\/\/pood.mgistudio.ee\/?post_type=product&#038;p=5888"},"modified":"2022-11-28T15:06:55","modified_gmt":"2022-11-28T13:06:55","slug":"rossatore-mask-home","status":"publish","type":"product","link":"https:\/\/pood.mgistudio.ee\/ru\/tovar\/rossatore-mask-home\/","title":{"rendered":"Rossatore Mask Home"},"content":{"rendered":"<p>T\u00e4iendav koduhooldus tundlikule, veresoonelisele ja rosaatseale kalduvale nahale. Schisandra seemneid sisaldav mask on rikas A-, E- ja C- vitamiinide ning skisandriini tugevdavate ja toniseerivate omaduste poolest. Tulemuseks v\u00e4henenud er\u00fcteem(punetus) ning \u00fchtlasem, regenereeritud, pingul ja toidetud nahk. Sobilik tundlikule ja vaskulariseerunud (veresooneline), hallile ja v\u00e4sinud nahale.<\/p>\n<p><strong>Hooldus 1-2x n\u00e4dalas<\/strong><\/p>\n<ul>\n<li>100 ml<\/li>\n<li>pH 5.5<\/li>\n<\/ul>\n","protected":false},"excerpt":{"rendered":"<p>Rahustav mask tundlikule ja vaskulariseerunud nahale<\/p>\n","protected":false},"featured_media":5038,"template":"","meta":{"_mi_skip_tracking":false},"product_cat":[135,188,166,191,169,157,170,172],"product_tag":[],"class_list":["post-5888","product","type-product","status-publish","has-post-thumbnail","hentry","product_cat-dottore-ru","product_cat-dlya-muzhchin","product_cat-zhirnyy","product_cat-maski-dlya-litsa","product_cat-sklonen-k-rozatsea","product_cat-sklonnyy-k-akne","product_cat-tusklyy-i-bezzhiznennyy","product_cat-chuvstvitelnyy-i-allergicheskiy"],"_links":{"self":[{"href":"https:\/\/pood.mgistudio.ee\/ru\/wp-json\/wp\/v2\/product\/5888","targetHints":{"allow":["GET"]}}],"collection":[{"href":"https:\/\/pood.mgistudio.ee\/ru\/wp-json\/wp\/v2\/product"}],"about":[{"href":"https:\/\/pood.mgistudio.ee\/ru\/wp-json\/wp\/v2\/types\/product"}],"wp:featuredmedia":[{"embeddable":true,"href":"https:\/\/pood.mgistudio.ee\/ru\/wp-json\/wp\/v2\/media\/5038"}],"wp:attachment":[{"href":"https:\/\/pood.mgistudio.ee\/ru\/wp-json\/wp\/v2\/media?parent=5888"}],"wp:term":[{"taxonomy":"product_cat","embeddable":true,"href":"https:\/\/pood.mgistudio.ee\/ru\/wp-json\/wp\/v2\/product_cat?post=5888"},{"taxonomy":"product_tag","embeddable":true,"href":"https:\/\/pood.mgistudio.ee\/ru\/wp-json\/wp\/v2\/product_tag?post=5888"}],"curies":[{"name":"wp","href":"https:\/\/api.w.org\/{rel}","templated":true}]}}