{"id":5890,"date":"2022-11-15T11:34:49","date_gmt":"2022-11-15T09:34:49","guid":{"rendered":"https:\/\/pood.mgistudio.ee\/?post_type=product&#038;p=5890"},"modified":"2022-11-28T15:09:20","modified_gmt":"2022-11-28T13:09:20","slug":"rossatore-peel-home","status":"publish","type":"product","link":"https:\/\/pood.mgistudio.ee\/ru\/tovar\/rossatore-peel-home\/","title":{"rendered":"Rossatore Peel Home"},"content":{"rendered":"<p>T\u00e4iendav koduhooldus tundlikule, veresoonelisele ja rosaatseale kalduvale nahale. Kombinatsioon Rossatore kreemidest, ens\u00fc\u00fcmkoorijast ja maskist muudab naha terveks ning s\u00e4ravaks, \u00fchtlustades samaaegselt nahatooni ja taastades h\u00fcdrolipiidi kihti. Koorija retsept p\u00f5hineb greibi- ja papiini ens\u00fc\u00fcmide \u00f5rnal koorival toimel ja niisutaval molekulaarkilel, mis tagab t\u00e4iusliku ja kohese kestva efekti. Sobilik tundlikule ja vaskulariseerunud (veresooneline), hallile ja v\u00e4sinud nahale.<\/p>\n<p><strong>Hooldus 1-2x n\u00e4dalas<\/strong><\/p>\n<ul>\n<li>100 ml<\/li>\n<li>pH 6.0<\/li>\n<\/ul>\n","protected":false},"excerpt":{"rendered":"<p>Silendav ja taastav ens\u00fc\u00fcmkoorimine tundlikule vaskulariseerunud nahale<\/p>\n","protected":false},"featured_media":5036,"template":"","meta":{"_mi_skip_tracking":false},"product_cat":[135,188,187,169,170,172],"product_tag":[],"class_list":["post-5890","product","type-product","status-publish","has-post-thumbnail","hentry","product_cat-dottore-ru","product_cat-dlya-muzhchin","product_cat-pilery","product_cat-sklonen-k-rozatsea","product_cat-tusklyy-i-bezzhiznennyy","product_cat-chuvstvitelnyy-i-allergicheskiy"],"_links":{"self":[{"href":"https:\/\/pood.mgistudio.ee\/ru\/wp-json\/wp\/v2\/product\/5890","targetHints":{"allow":["GET"]}}],"collection":[{"href":"https:\/\/pood.mgistudio.ee\/ru\/wp-json\/wp\/v2\/product"}],"about":[{"href":"https:\/\/pood.mgistudio.ee\/ru\/wp-json\/wp\/v2\/types\/product"}],"wp:featuredmedia":[{"embeddable":true,"href":"https:\/\/pood.mgistudio.ee\/ru\/wp-json\/wp\/v2\/media\/5036"}],"wp:attachment":[{"href":"https:\/\/pood.mgistudio.ee\/ru\/wp-json\/wp\/v2\/media?parent=5890"}],"wp:term":[{"taxonomy":"product_cat","embeddable":true,"href":"https:\/\/pood.mgistudio.ee\/ru\/wp-json\/wp\/v2\/product_cat?post=5890"},{"taxonomy":"product_tag","embeddable":true,"href":"https:\/\/pood.mgistudio.ee\/ru\/wp-json\/wp\/v2\/product_tag?post=5890"}],"curies":[{"name":"wp","href":"https:\/\/api.w.org\/{rel}","templated":true}]}}