{"id":5900,"date":"2022-11-12T13:19:48","date_gmt":"2022-11-12T11:19:48","guid":{"rendered":"https:\/\/pood.mgistudio.ee\/?post_type=product&#038;p=5900"},"modified":"2022-11-28T15:12:28","modified_gmt":"2022-11-28T13:12:28","slug":"city-sun-body","status":"publish","type":"product","link":"https:\/\/pood.mgistudio.ee\/ru\/tovar\/city-sun-body\/","title":{"rendered":"City SUN Body"},"content":{"rendered":"<p>P\u00e4ikesekaitsepiim kehale, mille toimeained pakuvad kaitset laias UVA, UVB ja sinise valguse (blue light) kiirguse spektris. Sisaldab niisutavat kompleksi, mis vabaneb j\u00e4rk-j\u00e4rgult, et tasakaalustada naha optimaalset niiskustaset, moodustab molekulaarse v\u00f5rgu nagu kaitsekile, mis v\u00e4hendab vee aurustumist. Tagab h\u00fcdrolipiidi barj\u00e4\u00e4ri tugevdamise ja epidermise silumise. Ennetab TEWL-i. SPF 30.<\/p>\n<p><strong>P\u00e4evahooldus<\/strong><\/p>\n<ul>\n<li>150 ml<\/li>\n<li>pH 6.0<\/li>\n<\/ul>\n","protected":false},"excerpt":{"rendered":"<p>P\u00e4ikesekaitse kehale SPF 30<\/p>\n","protected":false},"featured_media":5026,"template":"","meta":{"_mi_skip_tracking":false},"product_cat":[135,150,145],"product_tag":[],"class_list":["post-5900","product","type-product","status-publish","has-post-thumbnail","hentry","product_cat-dottore-ru","product_cat-zashchita-ot-solntsa","product_cat-losony-dlya-tela"],"_links":{"self":[{"href":"https:\/\/pood.mgistudio.ee\/ru\/wp-json\/wp\/v2\/product\/5900","targetHints":{"allow":["GET"]}}],"collection":[{"href":"https:\/\/pood.mgistudio.ee\/ru\/wp-json\/wp\/v2\/product"}],"about":[{"href":"https:\/\/pood.mgistudio.ee\/ru\/wp-json\/wp\/v2\/types\/product"}],"wp:featuredmedia":[{"embeddable":true,"href":"https:\/\/pood.mgistudio.ee\/ru\/wp-json\/wp\/v2\/media\/5026"}],"wp:attachment":[{"href":"https:\/\/pood.mgistudio.ee\/ru\/wp-json\/wp\/v2\/media?parent=5900"}],"wp:term":[{"taxonomy":"product_cat","embeddable":true,"href":"https:\/\/pood.mgistudio.ee\/ru\/wp-json\/wp\/v2\/product_cat?post=5900"},{"taxonomy":"product_tag","embeddable":true,"href":"https:\/\/pood.mgistudio.ee\/ru\/wp-json\/wp\/v2\/product_tag?post=5900"}],"curies":[{"name":"wp","href":"https:\/\/api.w.org\/{rel}","templated":true}]}}