{"id":5939,"date":"2022-11-25T13:53:34","date_gmt":"2022-11-25T11:53:34","guid":{"rendered":"https:\/\/pood.mgistudio.ee\/?post_type=product&#038;p=5939"},"modified":"2022-11-28T15:34:15","modified_gmt":"2022-11-28T13:34:15","slug":"passion-fruit-yuzu-lip-balm","status":"publish","type":"product","link":"https:\/\/pood.mgistudio.ee\/ru\/tovar\/passion-fruit-yuzu-lip-balm\/","title":{"rendered":"Passion Fruit + Yuzu Lip Balm"},"content":{"rendered":"<p>Looduslikku merekarpi valatud botaaniline huulepalsam, mis sisaldab taimseid \u00fchendeid ja k\u00fclmpressitud orgaanilisi \u00f5lisi, et parandada ning v\u00e4ltida huulte l\u00f5henemist ja muid \u00e4rritusi. Palsamis sisalduv grenadilli seemnetest pressitud k\u00fclm\u00f5li, orgaaniline mesilasvaha, p\u00e4evalill ja E-vitamiin ergutavad huulte paranemist ja s\u00fcgavniisutavad t\u00e4nu oma k\u00f5rgetele antioks\u00fcdantsetele ja asendamatutele rasvhapetele. Palsam toidab rakke ja j\u00e4tab kaitsva kihi, et s\u00e4ilitada huulte niiskustasakaal. Lisaks on valemisse lisatud auruga destilleeritud yuzu ja bergamoti eeterlikku \u00f5li, millel on p\u00f5letikuvastased omadused.<\/p>\n<p><strong>Igap\u00e4evahooldus<\/strong><\/p>\n<ul>\n<li>29,5 ml<\/li>\n<li><span data-sheets-value=\"{&quot;1&quot;:2,&quot;2&quot;:&quot;Grenadill + Yuzu&quot;}\" data-sheets-userformat=\"{&quot;2&quot;:4737,&quot;3&quot;:{&quot;1&quot;:0},&quot;10&quot;:2,&quot;12&quot;:0,&quot;15&quot;:&quot;Arial&quot;}\">grenadill + yuzu<\/span><\/li>\n<li>looduslik merekarp v\u00f5i erineda pildil olevast<\/li>\n<\/ul>\n","protected":false},"excerpt":{"rendered":"<p><span data-sheets-value=\"{&quot;1&quot;:2,&quot;2&quot;:&quot;Botaaniline huulepalsam grenadilli ja yuzuga&quot;}\" data-sheets-userformat=\"{&quot;2&quot;:21171,&quot;3&quot;:{&quot;1&quot;:0},&quot;4&quot;:{&quot;1&quot;:2,&quot;2&quot;:16777215},&quot;7&quot;:{&quot;1&quot;:[{&quot;1&quot;:2,&quot;2&quot;:0,&quot;5&quot;:{&quot;1&quot;:2,&quot;2&quot;:0}},{&quot;1&quot;:0,&quot;2&quot;:0,&quot;3&quot;:3},{&quot;1&quot;:1,&quot;2&quot;:0,&quot;4&quot;:1}]},&quot;8&quot;:{&quot;1&quot;:[{&quot;1&quot;:2,&quot;2&quot;:0,&quot;5&quot;:{&quot;1&quot;:2,&quot;2&quot;:0}},{&quot;1&quot;:0,&quot;2&quot;:0,&quot;3&quot;:3},{&quot;1&quot;:1,&quot;2&quot;:0,&quot;4&quot;:1}]},&quot;10&quot;:2,&quot;12&quot;:0,&quot;15&quot;:&quot;Roboto&quot;,&quot;17&quot;:1}\">Botaaniline huulepalsam grenadilli ja yuzuga<\/span><\/p>\n","protected":false},"featured_media":5256,"template":"","meta":{"_mi_skip_tracking":false},"product_cat":[137,183,158],"product_tag":[],"class_list":["post-5939","product","type-product","status-publish","has-post-thumbnail","hentry","product_cat-earth-tu-face-ru","product_cat-guby","product_cat-povrezhdeny-faktorami-okruzhayushchey-sredy"],"_links":{"self":[{"href":"https:\/\/pood.mgistudio.ee\/ru\/wp-json\/wp\/v2\/product\/5939","targetHints":{"allow":["GET"]}}],"collection":[{"href":"https:\/\/pood.mgistudio.ee\/ru\/wp-json\/wp\/v2\/product"}],"about":[{"href":"https:\/\/pood.mgistudio.ee\/ru\/wp-json\/wp\/v2\/types\/product"}],"wp:featuredmedia":[{"embeddable":true,"href":"https:\/\/pood.mgistudio.ee\/ru\/wp-json\/wp\/v2\/media\/5256"}],"wp:attachment":[{"href":"https:\/\/pood.mgistudio.ee\/ru\/wp-json\/wp\/v2\/media?parent=5939"}],"wp:term":[{"taxonomy":"product_cat","embeddable":true,"href":"https:\/\/pood.mgistudio.ee\/ru\/wp-json\/wp\/v2\/product_cat?post=5939"},{"taxonomy":"product_tag","embeddable":true,"href":"https:\/\/pood.mgistudio.ee\/ru\/wp-json\/wp\/v2\/product_tag?post=5939"}],"curies":[{"name":"wp","href":"https:\/\/api.w.org\/{rel}","templated":true}]}}